{"id":121920,"date":"2023-02-08T12:58:47","date_gmt":"2023-02-08T12:58:47","guid":{"rendered":"https:\/\/www.oneworldcenter.org\/nuestros-socios\/"},"modified":"2023-09-19T13:20:52","modified_gmt":"2023-09-19T13:20:52","slug":"nuestros-socios","status":"publish","type":"page","link":"https:\/\/oneworldcenter.org\/es\/nuestros-socios\/","title":{"rendered":"Nuestros socios"},"content":{"rendered":"<p>[et_pb_section fb_built=\u00bb1&#8243; admin_label=\u00bbHeader Image\u00bb _builder_version=\u00bb4.19.5&#8243; _module_preset=\u00bbdefault\u00bb background_image=\u00bbhttps:\/\/oneworldcenter.org\/wp-content\/uploads\/2023\/03\/partnership.jpg\u00bb background_position=\u00bbtop_center\u00bb background_vertical_offset=\u00bb26%\u00bb transform_scale_tablet=\u00bb\u00bb transform_scale_phone=\u00bb\u00bb transform_scale_last_edited=\u00bbon|phone\u00bb transform_translate=\u00bb0px|-80px\u00bb transform_translate_tablet=\u00bb0px|-80px\u00bb transform_translate_phone=\u00bb0px|-90px\u00bb transform_translate_last_edited=\u00bbon|phone\u00bb transform_translate_linked=\u00bboff\u00bb transform_rotate_tablet=\u00bb\u00bb transform_rotate_phone=\u00bb\u00bb transform_rotate_last_edited=\u00bbon|phone\u00bb transform_skew_tablet=\u00bb\u00bb transform_skew_phone=\u00bb\u00bb transform_skew_last_edited=\u00bbon|phone\u00bb transform_origin_tablet=\u00bb\u00bb transform_origin_phone=\u00bb\u00bb transform_origin_last_edited=\u00bbon|phone\u00bb transform_styles_last_edited=\u00bbon|phone\u00bb height=\u00bb450px\u00bb custom_padding=\u00bb8px||3px|||\u00bb transform_styles_tablet=\u00bb\u00bb transform_styles_phone=\u00bb\u00bb global_colors_info=\u00bb{}\u00bb][et_pb_row _builder_version=\u00bb4.18.1&#8243; _module_preset=\u00bbdefault\u00bb width=\u00bb67%\u00bb width_tablet=\u00bb65%\u00bb width_phone=\u00bb90%\u00bb width_last_edited=\u00bbon|phone\u00bb max_width=\u00bb1920px\u00bb module_alignment=\u00bbcenter\u00bb custom_margin=\u00bb36vh|auto||auto|false|false\u00bb custom_margin_tablet=\u00bb36vh|auto||auto|false|false\u00bb custom_margin_phone=\u00bb26vh|auto||auto|false|false\u00bb custom_margin_last_edited=\u00bbon|phone\u00bb custom_padding=\u00bb||0px||false|false\u00bb global_colors_info=\u00bb{}\u00bb][et_pb_column type=\u00bb4_4&#8243; _builder_version=\u00bb4.17.0&#8243; _module_preset=\u00bbdefault\u00bb global_colors_info=\u00bb{}\u00bb][et_pb_text module_class=\u00bblanding article\u00bb _builder_version=\u00bb4.18.1&#8243; _module_preset=\u00bbdefault\u00bb text_font=\u00bb||||||||\u00bb text_text_color=\u00bb#FFFFFF\u00bb text_font_size=\u00bb22px\u00bb text_line_height=\u00bb1.4em\u00bb link_text_color=\u00bb#E09900&#8243; header_font=\u00bbPlayfair Display|700|||||||\u00bb header_text_align=\u00bbleft\u00bb header_text_color=\u00bb#FFFFFF\u00bb header_font_size=\u00bb50px\u00bb header_2_font=\u00bbArgentumas Sans Regular|500|||||||\u00bb header_2_text_align=\u00bbcenter\u00bb header_2_text_color=\u00bb#f84e01&#8243; header_2_font_size=\u00bb53px\u00bb header_4_font=\u00bbMontserrat|600|||||||\u00bb header_4_text_align=\u00bbleft\u00bb header_4_text_color=\u00bb#FFFFFF\u00bb header_4_line_height=\u00bb1.2em\u00bb background_color=\u00bbrgba(122,139,119,0.79)\u00bb text_orientation=\u00bbjustified\u00bb width=\u00bb60%\u00bb width_tablet=\u00bb60%\u00bb width_phone=\u00bb95%\u00bb width_last_edited=\u00bbon|phone\u00bb custom_padding=\u00bb5px|10px|5px|10px|true|true\u00bb header_font_size_tablet=\u00bb50px\u00bb header_font_size_phone=\u00bb40px\u00bb header_font_size_last_edited=\u00bbon|phone\u00bb header_4_font_size_tablet=\u00bb\u00bb header_4_font_size_phone=\u00bb17px\u00bb header_4_font_size_last_edited=\u00bbon|phone\u00bb global_colors_info=\u00bb{}\u00bb]<\/p>\n<h1>Nuestros socios<\/h1>\n<h4>Estamos orgullosos de colaborar con organizaciones que nos permiten apoyar a nuestros participantes en su camino para convertirse en humanitarios.<\/h4>\n<p>[\/et_pb_text][\/et_pb_column][\/et_pb_row][\/et_pb_section][et_pb_section fb_built=\u00bb1&#8243; _builder_version=\u00bb4.18.1&#8243; _module_preset=\u00bbdefault\u00bb custom_margin=\u00bb||60px||false|false\u00bb custom_padding=\u00bb1px||72px||false|false\u00bb global_colors_info=\u00bb{}\u00bb][et_pb_row custom_padding_last_edited=\u00bbon|phone\u00bb _builder_version=\u00bb4.18.1&#8243; _module_preset=\u00bbdefault\u00bb background_color=\u00bb#f1e8d5&#8243; width=\u00bb70%\u00bb width_tablet=\u00bb66%\u00bb width_phone=\u00bb90%\u00bb width_last_edited=\u00bbon|phone\u00bb max_width=\u00bb1920px\u00bb custom_padding=\u00bb23px|35px||35px|false|false\u00bb custom_padding_tablet=\u00bb23px|35px||35px|false|false\u00bb custom_padding_phone=\u00bb|10px||10px|false|false\u00bb global_colors_info=\u00bb{}\u00bb][et_pb_column type=\u00bb4_4&#8243; _builder_version=\u00bb4.17.0&#8243; _module_preset=\u00bbdefault\u00bb global_colors_info=\u00bb{}\u00bb][et_pb_text _builder_version=\u00bb4.18.1&#8243; _module_preset=\u00bbdefault\u00bb header_2_font=\u00bb|300|||||||\u00bb header_2_text_align=\u00bbcenter\u00bb header_2_font_size=\u00bb35px\u00bb header_3_text_align=\u00bbcenter\u00bb custom_padding=\u00bb13px|||||\u00bb global_colors_info=\u00bb{}\u00bb]<\/p>\n<h2 data-fontsize=\"35\" data-lineheight=\"45.15px\" class=\"fusion-responsive-typography-calculated\">Colectivo comunitario de Georgia Street<\/h2>\n<p>[\/et_pb_text][et_pb_text module_class=\u00bbarticle\u00bb _builder_version=\u00bb4.19.5&#8243; _module_preset=\u00bbdefault\u00bb global_colors_info=\u00bb{}\u00bb]<\/p>\n<p>El Georgia Street Community Collective empez\u00f3 como un huerto comunitario en un barrio vac\u00edo de Detroit (Michigan). Desde noviembre de 2008, el GSCC ha ampliado sus operaciones para revitalizar el barrio, orientar a los j\u00f3venes y atraer empresas a la zona. Lo que empez\u00f3 como un peque\u00f1o huerto en un solar vac\u00edo se extiende ahora a m\u00e1s de cinco parcelas que incluyen un huerto frutal y un centro comunitario.<\/p>\n<p>Los esfuerzos de GSCC con la jardiner\u00eda urbana, la producci\u00f3n de alimentos, los eventos de abastecimiento de vuelta a la escuela y m\u00e1s, han tenido un gran impacto en los Instructores de Desarrollo en One World Center, ense\u00f1ando el poder de la comunidad y que las grandes ideas pueden suceder en espacios peque\u00f1os.<\/p>\n<p>[\/et_pb_text][et_pb_image src=\u00bbhttps:\/\/oneworldcenter.org\/wp-content\/uploads\/2023\/02\/gscc-300&#215;141.webp\u00bb title_text=\u00bbgscc\u00bb align=\u00bbcenter\u00bb _builder_version=\u00bb4.18.1&#8243; _module_preset=\u00bbdefault\u00bb global_colors_info=\u00bb{}\u00bb][\/et_pb_image][et_pb_button button_url=\u00bbhttp:\/\/www.georgiastreetcc.com\/\u00bb url_new_window=\u00bbon\u00bb button_text=\u00bbM\u00e1s informaci\u00f3n\u00bb button_alignment=\u00bbcenter\u00bb _builder_version=\u00bb4.18.1&#8243; _module_preset=\u00bbdefault\u00bb custom_button=\u00bbon\u00bb button_text_size=\u00bb18px\u00bb button_text_color=\u00bb#FFFFFF\u00bb button_bg_color=\u00bb#7a8b77&#8243; button_border_color=\u00bb#64493e\u00bb global_colors_info=\u00bb{}\u00bb][\/et_pb_button][\/et_pb_column][\/et_pb_row][et_pb_row custom_padding_last_edited=\u00bbon|phone\u00bb _builder_version=\u00bb4.18.1&#8243; _module_preset=\u00bbdefault\u00bb background_color=\u00bb#f1e8d5&#8243; width=\u00bb70%\u00bb width_tablet=\u00bb66%\u00bb width_phone=\u00bb90%\u00bb width_last_edited=\u00bbon|phone\u00bb max_width=\u00bb1920px\u00bb custom_margin=\u00bb35px||||false|false\u00bb custom_padding=\u00bb23px|35px||35px|false|false\u00bb custom_padding_tablet=\u00bb23px|35px||35px|false|false\u00bb custom_padding_phone=\u00bb|10px||10px|false|false\u00bb global_colors_info=\u00bb{}\u00bb][et_pb_column type=\u00bb4_4&#8243; _builder_version=\u00bb4.17.0&#8243; _module_preset=\u00bbdefault\u00bb global_colors_info=\u00bb{}\u00bb][et_pb_text _builder_version=\u00bb4.18.1&#8243; _module_preset=\u00bbdefault\u00bb header_2_font=\u00bb|300|||||||\u00bb header_2_text_align=\u00bbcenter\u00bb header_2_font_size=\u00bb35px\u00bb header_3_text_align=\u00bbcenter\u00bb custom_padding=\u00bb13px|||||\u00bb global_colors_info=\u00bb{}\u00bb]<\/p>\n<h2 data-fontsize=\"35\" data-lineheight=\"45.15px\" class=\"fusion-responsive-typography-calculated\">Recycle for Change<\/h2>\n<p>[\/et_pb_text][et_pb_text module_class=\u00bbarticle\u00bb _builder_version=\u00bb4.18.1&#8243; _module_preset=\u00bbdefault\u00bb global_colors_info=\u00bb{}\u00bb]<\/p>\n<p>Recycle for Change es una organizaci\u00f3n sin \u00e1nimo de lucro 501(c)(3) con sede en California (EE.UU.) cuya misi\u00f3n es luchar contra la pobreza en todo el mundo, capacitar a la gente corriente para que act\u00fae, reduzca las emisiones de carbono y as\u00ed crear un futuro sostenible para todos. Recycle for Change reconoce que los recursos de la Tierra son finitos y que preservarlos es crucial para el bienestar de las generaciones futuras.<\/p>\n<p>Recycle for Change gestiona un programa de reciclaje de ropa y otro de desarrollo sostenible. Utilizan la recogida de ropa como principal fuente de recaudaci\u00f3n de fondos. Los fondos recaudados con la venta de la ropa y los tejidos se destinan a otras organizaciones sin \u00e1nimo de lucro que llevan a cabo programas que permiten participar en labores de desarrollo sostenible y luchar contra la pobreza extrema en algunos de los pa\u00edses m\u00e1s pobres de \u00c1frica, Centroam\u00e9rica y Sudam\u00e9rica.<\/p>\n<p>Recycle for Change apoya con fondos a One World Center, ayud\u00e1ndonos a llevar a cabo nuestros programas, formando as\u00ed a personas que se unen a proyectos de desarrollo en todo el mundo. Estamos muy orgullosos de contar con Recycle for Change como uno de nuestros socios y de poder hacer juntos un mundo mejor.<\/p>\n<p>&nbsp;<\/p>\n<p>[\/et_pb_text][et_pb_image src=\u00bbhttps:\/\/oneworldcenter.org\/wp-content\/uploads\/2023\/02\/recycleForChange-logo-300&#215;150.webp\u00bb title_text=\u00bbrecycleForChange-logo\u00bb align=\u00bbcenter\u00bb _builder_version=\u00bb4.18.1&#8243; _module_preset=\u00bbdefault\u00bb global_colors_info=\u00bb{}\u00bb][\/et_pb_image][et_pb_button button_url=\u00bbhttps:\/\/www.recycleforchange.org\/\u00bb url_new_window=\u00bbon\u00bb button_text=\u00bbM\u00e1s informaci\u00f3n\u00bb button_alignment=\u00bbcenter\u00bb _builder_version=\u00bb4.18.1&#8243; _module_preset=\u00bbdefault\u00bb custom_button=\u00bbon\u00bb button_text_size=\u00bb18px\u00bb button_text_color=\u00bb#FFFFFF\u00bb button_bg_color=\u00bb#7a8b77&#8243; button_border_color=\u00bb#64493e\u00bb global_colors_info=\u00bb{}\u00bb][\/et_pb_button][\/et_pb_column][\/et_pb_row][et_pb_row custom_padding_last_edited=\u00bbon|phone\u00bb _builder_version=\u00bb4.18.1&#8243; _module_preset=\u00bbdefault\u00bb background_color=\u00bb#f1e8d5&#8243; width=\u00bb70%\u00bb width_tablet=\u00bb66%\u00bb width_phone=\u00bb90%\u00bb width_last_edited=\u00bbon|phone\u00bb max_width=\u00bb1920px\u00bb custom_margin=\u00bb35px||||false|false\u00bb custom_padding=\u00bb23px|35px||35px|false|false\u00bb custom_padding_tablet=\u00bb23px|35px||35px|false|false\u00bb custom_padding_phone=\u00bb|10px||10px|false|false\u00bb global_colors_info=\u00bb{}\u00bb][et_pb_column type=\u00bb4_4&#8243; _builder_version=\u00bb4.17.0&#8243; _module_preset=\u00bbdefault\u00bb global_colors_info=\u00bb{}\u00bb][et_pb_text _builder_version=\u00bb4.18.1&#8243; _module_preset=\u00bbdefault\u00bb header_2_font=\u00bb|300|||||||\u00bb header_2_text_align=\u00bbcenter\u00bb header_2_font_size=\u00bb35px\u00bb header_3_text_align=\u00bbcenter\u00bb custom_padding=\u00bb13px|||||\u00bb global_colors_info=\u00bb{}\u00bb]<\/p>\n<h2 data-fontsize=\"35\" data-lineheight=\"45.15px\" class=\"fusion-responsive-typography-calculated\">Humana People to People<\/h2>\n<p>[\/et_pb_text][et_pb_text module_class=\u00bbarticle\u00bb _builder_version=\u00bb4.18.1&#8243; _module_preset=\u00bbdefault\u00bb global_colors_info=\u00bb{}\u00bb]<\/p>\n<p>One World Center colabora con las organizaciones miembros de Humana People to People. El enfoque de desarrollo de Humana se centra en que las personas se organicen juntas en sus comunidades y asuman un papel activo en la creaci\u00f3n de cambios en sus vidas. Las organizaciones People to People de Humana en \u00c1frica, Asia y Am\u00e9rica Latina llevan casi 40 a\u00f1os trabajando en proyectos de desarrollo a largo plazo.<\/p>\n<p>Nuestros Instructores de Desarrollo se unen a los proyectos de Humana People to People durante su periodo de servicio en \u00c1frica y Brasil para trabajar en proyectos de Salud, Educaci\u00f3n, Agricultura y Desarrollo Comunitario.<\/p>\n<p>[\/et_pb_text][et_pb_image src=\u00bbhttps:\/\/oneworldcenter.org\/wp-content\/uploads\/2023\/02\/HumanaPeopleToPeople-logo-100&#215;100-1.webp\u00bb title_text=\u00bbHumanaPeopleToPeople-logo-100&#215;100-1&#8243; align=\u00bbcenter\u00bb _builder_version=\u00bb4.18.1&#8243; _module_preset=\u00bbdefault\u00bb global_colors_info=\u00bb{}\u00bb][\/et_pb_image][et_pb_button button_url=\u00bbhttp:\/\/humana.org\u00bb url_new_window=\u00bbon\u00bb button_text=\u00bbM\u00e1s informaci\u00f3n\u00bb button_alignment=\u00bbcenter\u00bb _builder_version=\u00bb4.18.1&#8243; _module_preset=\u00bbdefault\u00bb custom_button=\u00bbon\u00bb button_text_size=\u00bb18px\u00bb button_text_color=\u00bb#FFFFFF\u00bb button_bg_color=\u00bb#7a8b77&#8243; button_border_color=\u00bb#64493e\u00bb global_colors_info=\u00bb{}\u00bb][\/et_pb_button][\/et_pb_column][\/et_pb_row][et_pb_row custom_padding_last_edited=\u00bbon|phone\u00bb disabled_on=\u00bboff|off|off\u00bb _builder_version=\u00bb4.18.1&#8243; _module_preset=\u00bbdefault\u00bb background_color=\u00bb#f1e8d5&#8243; width=\u00bb70%\u00bb width_tablet=\u00bb66%\u00bb width_phone=\u00bb90%\u00bb width_last_edited=\u00bbon|phone\u00bb max_width=\u00bb1920px\u00bb custom_margin=\u00bb35px||||false|false\u00bb custom_padding=\u00bb23px|35px||35px|false|false\u00bb custom_padding_tablet=\u00bb23px|35px||35px|false|false\u00bb custom_padding_phone=\u00bb|10px||10px|false|false\u00bb global_colors_info=\u00bb{}\u00bb][et_pb_column type=\u00bb4_4&#8243; _builder_version=\u00bb4.17.0&#8243; _module_preset=\u00bbdefault\u00bb global_colors_info=\u00bb{}\u00bb][et_pb_text _builder_version=\u00bb4.18.1&#8243; _module_preset=\u00bbdefault\u00bb header_2_font=\u00bb|300|||||||\u00bb header_2_text_align=\u00bbcenter\u00bb header_2_font_size=\u00bb35px\u00bb header_3_text_align=\u00bbcenter\u00bb custom_padding=\u00bb13px|||||\u00bb global_colors_info=\u00bb{}\u00bb]<\/p>\n<h2 data-fontsize=\"35\" data-lineheight=\"45.15px\" class=\"fusion-responsive-typography-calculated\">Academia Richmond Vale<\/h2>\n<p>[\/et_pb_text][et_pb_text module_class=\u00bbarticle\u00bb _builder_version=\u00bb4.19.5&#8243; _module_preset=\u00bbdefault\u00bb global_colors_info=\u00bb{}\u00bb]<\/p>\n<p>La Academia Richmond Vale se cre\u00f3 en 2002 como instituci\u00f3n de formaci\u00f3n sin \u00e1nimo de lucro en Chateaubelair, San Vicente y las Granadinas. Durante sus programas, experimentar\u00e1 de primera mano su activa misi\u00f3n de concienciaci\u00f3n centrada en la reducci\u00f3n de la pobreza, la conservaci\u00f3n del medio ambiente y los efectos del calentamiento global y el cambio clim\u00e1tico.<\/p>\n<p>Nuestra asociaci\u00f3n con Richmond Vale Academy actualmente le permite la oportunidad de hacer el 1er y 3er per\u00edodo de nuestros programas en el campus de RVA en San Vicente y las Granadinas. Con nuestra visi\u00f3n y prop\u00f3sito alineados, hemos cultivado un entorno de aprendizaje que fomenta una experiencia de aprendizaje \u00fanica para nuestros estudiantes.  <\/p>\n<p>[\/et_pb_text][et_pb_image src=\u00bbhttps:\/\/oneworldcenter.org\/wp-content\/uploads\/2023\/02\/logo-long-transparent-300&#215;97.png\u00bb title_text=\u00bblogo-largo-transparente\u00bb align=\u00bbcenter\u00bb _builder_version=\u00bb4.18.1&#8243; _module_preset=\u00bbdefault\u00bb global_colors_info=\u00bb{}\u00bb][\/et_pb_image][et_pb_button button_url=\u00bbhttps:\/\/richmondvale.org\/\u00bb url_new_window=\u00bbon\u00bb button_text=\u00bbM\u00e1s informaci\u00f3n\u00bb button_alignment=\u00bbcenter\u00bb _builder_version=\u00bb4.18.1&#8243; _module_preset=\u00bbdefault\u00bb custom_button=\u00bbon\u00bb button_text_size=\u00bb18px\u00bb button_text_color=\u00bb#FFFFFF\u00bb button_bg_color=\u00bb#7a8b77&#8243; button_border_color=\u00bb#64493e\u00bb global_colors_info=\u00bb{}\u00bb][\/et_pb_button][\/et_pb_column][\/et_pb_row][\/et_pb_section]<\/p>\n","protected":false},"excerpt":{"rendered":"<p>Nuestros socios Estamos orgullosos de colaborar con organizaciones que nos permiten apoyar a nuestros participantes en su camino para convertirse en humanitarios.Colectivo comunitario de Georgia StreetEl Georgia Street Community Collective empez\u00f3 como un huerto comunitario en un barrio vac\u00edo de Detroit (Michigan). Desde noviembre de 2008, el GSCC ha ampliado sus operaciones para revitalizar el [&hellip;]<\/p>\n","protected":false},"author":1,"featured_media":0,"parent":0,"menu_order":0,"comment_status":"closed","ping_status":"closed","template":"","meta":{"_et_pb_use_builder":"on","_et_pb_old_content":"","_et_gb_content_width":"","footnotes":""},"class_list":["post-121920","page","type-page","status-publish","hentry"],"yoast_head":"<!-- This site is optimized with the Yoast SEO Premium plugin v20.0 (Yoast SEO v27.4) - https:\/\/yoast.com\/product\/yoast-seo-premium-wordpress\/ -->\n<title>Nuestros socios - One World Center<\/title>\n<meta name=\"robots\" content=\"index, follow, max-snippet:-1, max-image-preview:large, max-video-preview:-1\" \/>\n<link rel=\"canonical\" href=\"https:\/\/oneworldcenter.org\/es\/nuestros-socios\/\" \/>\n<meta property=\"og:locale\" content=\"es_ES\" \/>\n<meta property=\"og:type\" content=\"article\" \/>\n<meta property=\"og:title\" content=\"Nuestros socios\" \/>\n<meta property=\"og:description\" content=\"Nuestros socios Estamos orgullosos de colaborar con organizaciones que nos permiten apoyar a nuestros participantes en su camino para convertirse en humanitarios.Colectivo comunitario de Georgia StreetEl Georgia Street Community Collective empez\u00f3 como un huerto comunitario en un barrio vac\u00edo de Detroit (Michigan). Desde noviembre de 2008, el GSCC ha ampliado sus operaciones para revitalizar el [&hellip;]\" \/>\n<meta property=\"og:url\" content=\"https:\/\/oneworldcenter.org\/es\/nuestros-socios\/\" \/>\n<meta property=\"og:site_name\" content=\"One World Center\" \/>\n<meta property=\"article:publisher\" content=\"https:\/\/www.facebook.com\/OneWorldCenterUSA\" \/>\n<meta property=\"article:modified_time\" content=\"2023-09-19T13:20:52+00:00\" \/>\n<meta name=\"twitter:card\" content=\"summary_large_image\" \/>\n<meta name=\"twitter:label1\" content=\"Tiempo de lectura\" \/>\n\t<meta name=\"twitter:data1\" content=\"9 minutos\" \/>\n<script type=\"application\/ld+json\" class=\"yoast-schema-graph\">{\"@context\":\"https:\\\/\\\/schema.org\",\"@graph\":[{\"@type\":\"WebPage\",\"@id\":\"https:\\\/\\\/oneworldcenter.org\\\/es\\\/nuestros-socios\\\/\",\"url\":\"https:\\\/\\\/oneworldcenter.org\\\/es\\\/nuestros-socios\\\/\",\"name\":\"Nuestros socios - One World Center\",\"isPartOf\":{\"@id\":\"https:\\\/\\\/oneworldcenter.org\\\/es\\\/#website\"},\"datePublished\":\"2023-02-08T12:58:47+00:00\",\"dateModified\":\"2023-09-19T13:20:52+00:00\",\"breadcrumb\":{\"@id\":\"https:\\\/\\\/oneworldcenter.org\\\/es\\\/nuestros-socios\\\/#breadcrumb\"},\"inLanguage\":\"es\",\"potentialAction\":[{\"@type\":\"ReadAction\",\"target\":[\"https:\\\/\\\/oneworldcenter.org\\\/es\\\/nuestros-socios\\\/\"]}]},{\"@type\":\"BreadcrumbList\",\"@id\":\"https:\\\/\\\/oneworldcenter.org\\\/es\\\/nuestros-socios\\\/#breadcrumb\",\"itemListElement\":[{\"@type\":\"ListItem\",\"position\":1,\"name\":\"Home\",\"item\":\"https:\\\/\\\/oneworldcenter.org\\\/es\\\/\"},{\"@type\":\"ListItem\",\"position\":2,\"name\":\"Nuestros socios\"}]},{\"@type\":\"WebSite\",\"@id\":\"https:\\\/\\\/oneworldcenter.org\\\/es\\\/#website\",\"url\":\"https:\\\/\\\/oneworldcenter.org\\\/es\\\/\",\"name\":\"One World Center\",\"description\":\"Helping Eliminate World Poverty &amp; Climate Change\",\"publisher\":{\"@id\":\"https:\\\/\\\/oneworldcenter.org\\\/es\\\/#organization\"},\"potentialAction\":[{\"@type\":\"SearchAction\",\"target\":{\"@type\":\"EntryPoint\",\"urlTemplate\":\"https:\\\/\\\/oneworldcenter.org\\\/es\\\/?s={search_term_string}\"},\"query-input\":{\"@type\":\"PropertyValueSpecification\",\"valueRequired\":true,\"valueName\":\"search_term_string\"}}],\"inLanguage\":\"es\"},{\"@type\":\"Organization\",\"@id\":\"https:\\\/\\\/oneworldcenter.org\\\/es\\\/#organization\",\"name\":\"One World Center\",\"url\":\"https:\\\/\\\/oneworldcenter.org\\\/es\\\/\",\"logo\":{\"@type\":\"ImageObject\",\"inLanguage\":\"es\",\"@id\":\"https:\\\/\\\/oneworldcenter.org\\\/es\\\/#\\\/schema\\\/logo\\\/image\\\/\",\"url\":\"https:\\\/\\\/0b426581f2.nxcli.io\\\/wp-content\\\/uploads\\\/2023\\\/02\\\/official-logo.png\",\"contentUrl\":\"https:\\\/\\\/0b426581f2.nxcli.io\\\/wp-content\\\/uploads\\\/2023\\\/02\\\/official-logo.png\",\"width\":500,\"height\":500,\"caption\":\"One World Center\"},\"image\":{\"@id\":\"https:\\\/\\\/oneworldcenter.org\\\/es\\\/#\\\/schema\\\/logo\\\/image\\\/\"},\"sameAs\":[\"https:\\\/\\\/www.facebook.com\\\/OneWorldCenterUSA\",\"https:\\\/\\\/www.instagram.com\\\/teamoneworld\\\/\"]}]}<\/script>\n<!-- \/ Yoast SEO Premium plugin. -->","yoast_head_json":{"title":"Nuestros socios - One World Center","robots":{"index":"index","follow":"follow","max-snippet":"max-snippet:-1","max-image-preview":"max-image-preview:large","max-video-preview":"max-video-preview:-1"},"canonical":"https:\/\/oneworldcenter.org\/es\/nuestros-socios\/","og_locale":"es_ES","og_type":"article","og_title":"Nuestros socios","og_description":"Nuestros socios Estamos orgullosos de colaborar con organizaciones que nos permiten apoyar a nuestros participantes en su camino para convertirse en humanitarios.Colectivo comunitario de Georgia StreetEl Georgia Street Community Collective empez\u00f3 como un huerto comunitario en un barrio vac\u00edo de Detroit (Michigan). Desde noviembre de 2008, el GSCC ha ampliado sus operaciones para revitalizar el [&hellip;]","og_url":"https:\/\/oneworldcenter.org\/es\/nuestros-socios\/","og_site_name":"One World Center","article_publisher":"https:\/\/www.facebook.com\/OneWorldCenterUSA","article_modified_time":"2023-09-19T13:20:52+00:00","twitter_card":"summary_large_image","twitter_misc":{"Tiempo de lectura":"9 minutos"},"schema":{"@context":"https:\/\/schema.org","@graph":[{"@type":"WebPage","@id":"https:\/\/oneworldcenter.org\/es\/nuestros-socios\/","url":"https:\/\/oneworldcenter.org\/es\/nuestros-socios\/","name":"Nuestros socios - One World Center","isPartOf":{"@id":"https:\/\/oneworldcenter.org\/es\/#website"},"datePublished":"2023-02-08T12:58:47+00:00","dateModified":"2023-09-19T13:20:52+00:00","breadcrumb":{"@id":"https:\/\/oneworldcenter.org\/es\/nuestros-socios\/#breadcrumb"},"inLanguage":"es","potentialAction":[{"@type":"ReadAction","target":["https:\/\/oneworldcenter.org\/es\/nuestros-socios\/"]}]},{"@type":"BreadcrumbList","@id":"https:\/\/oneworldcenter.org\/es\/nuestros-socios\/#breadcrumb","itemListElement":[{"@type":"ListItem","position":1,"name":"Home","item":"https:\/\/oneworldcenter.org\/es\/"},{"@type":"ListItem","position":2,"name":"Nuestros socios"}]},{"@type":"WebSite","@id":"https:\/\/oneworldcenter.org\/es\/#website","url":"https:\/\/oneworldcenter.org\/es\/","name":"One World Center","description":"Helping Eliminate World Poverty &amp; Climate Change","publisher":{"@id":"https:\/\/oneworldcenter.org\/es\/#organization"},"potentialAction":[{"@type":"SearchAction","target":{"@type":"EntryPoint","urlTemplate":"https:\/\/oneworldcenter.org\/es\/?s={search_term_string}"},"query-input":{"@type":"PropertyValueSpecification","valueRequired":true,"valueName":"search_term_string"}}],"inLanguage":"es"},{"@type":"Organization","@id":"https:\/\/oneworldcenter.org\/es\/#organization","name":"One World Center","url":"https:\/\/oneworldcenter.org\/es\/","logo":{"@type":"ImageObject","inLanguage":"es","@id":"https:\/\/oneworldcenter.org\/es\/#\/schema\/logo\/image\/","url":"https:\/\/0b426581f2.nxcli.io\/wp-content\/uploads\/2023\/02\/official-logo.png","contentUrl":"https:\/\/0b426581f2.nxcli.io\/wp-content\/uploads\/2023\/02\/official-logo.png","width":500,"height":500,"caption":"One World Center"},"image":{"@id":"https:\/\/oneworldcenter.org\/es\/#\/schema\/logo\/image\/"},"sameAs":["https:\/\/www.facebook.com\/OneWorldCenterUSA","https:\/\/www.instagram.com\/teamoneworld\/"]}]}},"_links":{"self":[{"href":"https:\/\/oneworldcenter.org\/es\/wp-json\/wp\/v2\/pages\/121920","targetHints":{"allow":["GET"]}}],"collection":[{"href":"https:\/\/oneworldcenter.org\/es\/wp-json\/wp\/v2\/pages"}],"about":[{"href":"https:\/\/oneworldcenter.org\/es\/wp-json\/wp\/v2\/types\/page"}],"author":[{"embeddable":true,"href":"https:\/\/oneworldcenter.org\/es\/wp-json\/wp\/v2\/users\/1"}],"replies":[{"embeddable":true,"href":"https:\/\/oneworldcenter.org\/es\/wp-json\/wp\/v2\/comments?post=121920"}],"version-history":[{"count":2,"href":"https:\/\/oneworldcenter.org\/es\/wp-json\/wp\/v2\/pages\/121920\/revisions"}],"predecessor-version":[{"id":122806,"href":"https:\/\/oneworldcenter.org\/es\/wp-json\/wp\/v2\/pages\/121920\/revisions\/122806"}],"wp:attachment":[{"href":"https:\/\/oneworldcenter.org\/es\/wp-json\/wp\/v2\/media?parent=121920"}],"curies":[{"name":"wp","href":"https:\/\/api.w.org\/{rel}","templated":true}]}}