{"id":121897,"date":"2023-02-08T12:59:37","date_gmt":"2023-02-08T12:59:37","guid":{"rendered":"https:\/\/www.oneworldcenter.org\/nuestros-graduados\/"},"modified":"2023-09-19T13:22:22","modified_gmt":"2023-09-19T13:22:22","slug":"nuestros-graduados","status":"publish","type":"page","link":"https:\/\/oneworldcenter.org\/es\/nuestros-graduados\/","title":{"rendered":"Nuestros graduados"},"content":{"rendered":"<p>[et_pb_section fb_built=\u00bb1&#8243; admin_label=\u00bbHead Image\u00bb _builder_version=\u00bb4.19.5&#8243; _module_preset=\u00bbdefault\u00bb background_color=\u00bbrgba(0,0,0,0.08)\u00bb background_image=\u00bbhttps:\/\/oneworldcenter.org\/wp-content\/uploads\/2023\/03\/graduates.jpg\u00bb background_position=\u00bbtop_center\u00bb background_vertical_offset=\u00bb28%\u00bb background_blend=\u00bboverlay\u00bb transform_scale_tablet=\u00bb\u00bb transform_scale_phone=\u00bb\u00bb transform_scale_last_edited=\u00bbon|phone\u00bb transform_translate=\u00bb-5px|-80px\u00bb transform_translate_tablet=\u00bb-5px|-80px\u00bb transform_translate_phone=\u00bb0px|-90px\u00bb transform_translate_last_edited=\u00bbon|phone\u00bb transform_translate_linked_phone=\u00bboff\u00bb transform_rotate_tablet=\u00bb\u00bb transform_rotate_phone=\u00bb\u00bb transform_rotate_last_edited=\u00bbon|phone\u00bb transform_skew_tablet=\u00bb\u00bb transform_skew_phone=\u00bb\u00bb transform_skew_last_edited=\u00bbon|phone\u00bb transform_origin_tablet=\u00bb\u00bb transform_origin_phone=\u00bb\u00bb transform_origin_last_edited=\u00bbon|phone\u00bb transform_styles_last_edited=\u00bbon|phone\u00bb height=\u00bb450px\u00bb custom_padding=\u00bb8px||3px|||\u00bb transform_styles_tablet=\u00bb\u00bb transform_styles_phone=\u00bb\u00bb global_colors_info=\u00bb{}\u00bb][et_pb_row _builder_version=\u00bb4.19.5&#8243; _module_preset=\u00bbdefault\u00bb width=\u00bb67%\u00bb width_tablet=\u00bb65%\u00bb width_phone=\u00bb95%\u00bb width_last_edited=\u00bbon|phone\u00bb max_width=\u00bb1920px\u00bb module_alignment=\u00bbcenter\u00bb custom_margin=\u00bb36vh|auto||auto|false|false\u00bb custom_margin_tablet=\u00bb40vh|auto||auto|false|false\u00bb custom_margin_phone=\u00bb28vh||||false|false\u00bb custom_margin_last_edited=\u00bbon|phone\u00bb custom_padding=\u00bb||0px||false|false\u00bb global_colors_info=\u00bb{}\u00bb][et_pb_column type=\u00bb4_4&#8243; _builder_version=\u00bb4.17.0&#8243; _module_preset=\u00bbdefault\u00bb global_colors_info=\u00bb{}\u00bb][et_pb_text module_class=\u00bblanding article\u00bb _builder_version=\u00bb4.18.1&#8243; _module_preset=\u00bbdefault\u00bb text_font=\u00bb||||||||\u00bb text_text_color=\u00bb#FFFFFF\u00bb text_font_size=\u00bb22px\u00bb text_line_height=\u00bb1.4em\u00bb link_text_color=\u00bb#E09900&#8243; header_font=\u00bbPlayfair Display|700|||||||\u00bb header_text_align=\u00bbleft\u00bb header_text_color=\u00bb#FFFFFF\u00bb header_font_size=\u00bb50px\u00bb header_2_font=\u00bbArgentumas Sans Regular|500|||||||\u00bb header_2_text_align=\u00bbcenter\u00bb header_2_text_color=\u00bb#f84e01&#8243; header_2_font_size=\u00bb53px\u00bb header_4_font=\u00bbMontserrat|600|||||||\u00bb header_4_text_align=\u00bbleft\u00bb header_4_text_color=\u00bb#FFFFFF\u00bb header_4_line_height=\u00bb1.2em\u00bb background_color=\u00bbrgba(122,139,119,0.79)\u00bb text_orientation=\u00bbjustified\u00bb width=\u00bb60%\u00bb width_tablet=\u00bb60%\u00bb width_phone=\u00bb95%\u00bb width_last_edited=\u00bbon|phone\u00bb custom_padding=\u00bb5px|10px|5px|10px|true|true\u00bb header_font_size_tablet=\u00bb50px\u00bb header_font_size_phone=\u00bb40px\u00bb header_font_size_last_edited=\u00bbon|phone\u00bb header_4_font_size_tablet=\u00bb\u00bb header_4_font_size_phone=\u00bb17px\u00bb header_4_font_size_last_edited=\u00bbon|phone\u00bb global_colors_info=\u00bb{}\u00bb]<\/p>\n<h1>Nuestros graduados<\/h1>\n<h4>Perspectiva de un participante<\/h4>\n<p>[\/et_pb_text][\/et_pb_column][\/et_pb_row][\/et_pb_section][et_pb_section fb_built=\u00bb1&#8243; _builder_version=\u00bb4.18.1&#8243; _module_preset=\u00bbdefault\u00bb transform_translate=\u00bb0px|-40px\u00bb transform_translate_linked=\u00bboff\u00bb custom_margin=\u00bb||-3px||false|false\u00bb custom_padding=\u00bb1px||2px||false|false\u00bb global_colors_info=\u00bb{}\u00bb][et_pb_row _builder_version=\u00bb4.18.1&#8243; _module_preset=\u00bbdefault\u00bb width=\u00bb70%\u00bb width_tablet=\u00bb66%\u00bb width_phone=\u00bb90%\u00bb width_last_edited=\u00bbon|phone\u00bb max_width=\u00bb1920px\u00bb custom_padding=\u00bb||9px|||\u00bb global_colors_info=\u00bb{}\u00bb][et_pb_column type=\u00bb4_4&#8243; _builder_version=\u00bb4.17.0&#8243; _module_preset=\u00bbdefault\u00bb global_colors_info=\u00bb{}\u00bb][et_pb_text module_class=\u00bbarticle\u00bb _builder_version=\u00bb4.18.1&#8243; _module_preset=\u00bbdefault\u00bb header_3_text_align=\u00bbcenter\u00bb custom_margin=\u00bb||2px|||\u00bb global_colors_info=\u00bb{}\u00bb]<\/p>\n<p>Los graduados de nuestros programas adquieren conciencia intercultural, aptitudes para el desarrollo y conocimientos especializados sobre las regiones en las que trabajan. El esp\u00edritu \u00fanico de One World Center dota a los estudiantes de las habilidades, los conocimientos y la perspectiva necesarios para seguir adelante y tener un impacto real en lo que decidan hacer a continuaci\u00f3n.<\/p>\n<p>Algunos de nuestros graduados se marchan para seguir carreras directamente relacionadas con el desarrollo, mientras que otros han aprovechado la formaci\u00f3n para implicarse en el an\u00e1lisis y la resoluci\u00f3n de muchos de los problemas a los que se enfrentan actualmente las sociedades contempor\u00e1neas.<\/p>\n<p>[\/et_pb_text][et_pb_text module_class=\u00bbarticle\u00bb _builder_version=\u00bb4.18.1&#8243; _module_preset=\u00bbdefault\u00bb header_3_text_align=\u00bbcenter\u00bb custom_padding=\u00bb0px|||||\u00bb global_colors_info=\u00bb{}\u00bb]<\/p>\n<p>&nbsp;<\/p>\n<h3><\/h3>\n<h3>Nuestros graduados han trabajado en diversas organizaciones, entre ellas:<\/h3>\n<p>[\/et_pb_text][et_pb_blurb title=\u00bbHumana People to People\u00bb image=\u00bbhttps:\/\/oneworldcenter.org\/wp-content\/uploads\/2023\/02\/humana-round.jpg\u00bb icon_placement=\u00bbleft\u00bb _builder_version=\u00bb4.18.1&#8243; _module_preset=\u00bbdefault\u00bb custom_margin=\u00bb10px||10px||true|false\u00bb custom_padding=\u00bb0px||0px||false|false\u00bb global_colors_info=\u00bb{}\u00bb][\/et_pb_blurb][et_pb_blurb title=\u00bbUNICEF\u00bb image=\u00bbhttps:\/\/oneworldcenter.org\/wp-content\/uploads\/2023\/02\/unicef-round-300&#215;232.jpg\u00bb icon_placement=\u00bbleft\u00bb _builder_version=\u00bb4.18.1&#8243; _module_preset=\u00bbdefault\u00bb custom_margin=\u00bb10px||10px||false|false\u00bb custom_padding=\u00bb0px||0px||false|false\u00bb global_colors_info=\u00bb{}\u00bb][\/et_pb_blurb][et_pb_blurb title=\u00bbM\u00e9dicos sin Fronteras\u00bb image=\u00bbhttps:\/\/oneworldcenter.org\/wp-content\/uploads\/2023\/02\/boarders-logo.png\u00bb icon_placement=\u00bbleft\u00bb _builder_version=\u00bb4.18.1&#8243; _module_preset=\u00bbdefault\u00bb custom_margin=\u00bb10px||10px||false|false\u00bb custom_padding=\u00bb0px||0px||false|false\u00bb global_colors_info=\u00bb{}\u00bb][\/et_pb_blurb][et_pb_blurb title=\u00bbBanco de Desarrollo de Am\u00e9rica Latina\u00bb image=\u00bbhttps:\/\/oneworldcenter.org\/wp-content\/uploads\/2023\/02\/banco-round.jpg\u00bb icon_placement=\u00bbleft\u00bb _builder_version=\u00bb4.18.1&#8243; _module_preset=\u00bbdefault\u00bb global_colors_info=\u00bb{}\u00bb][\/et_pb_blurb][\/et_pb_column][\/et_pb_row][\/et_pb_section][et_pb_section fb_built=\u00bb1&#8243; _builder_version=\u00bb4.18.1&#8243; _module_preset=\u00bbdefault\u00bb custom_padding=\u00bb10px|||||\u00bb global_colors_info=\u00bb{}\u00bb][et_pb_row column_structure=\u00bb1_3,1_3,1_3&#8243; use_custom_gutter=\u00bbon\u00bb _builder_version=\u00bb4.18.1&#8243; _module_preset=\u00bbdefault\u00bb width_tablet=\u00bb\u00bb width_phone=\u00bb85%\u00bb width_last_edited=\u00bbon|phone\u00bb global_colors_info=\u00bb{}\u00bb][et_pb_column type=\u00bb1_3&#8243; _builder_version=\u00bb4.18.1&#8243; _module_preset=\u00bbdefault\u00bb global_colors_info=\u00bb{}\u00bb][et_pb_blurb title=\u00bbNIKKI WITT\u00bb image=\u00bbhttps:\/\/oneworldcenter.org\/wp-content\/uploads\/2023\/02\/nikki-witt-web-300&#215;225.jpg\u00bb image_icon_width=\u00bb130%\u00bb module_class=\u00bbvolunteers\u00bb _builder_version=\u00bb4.18.1&#8243; _module_preset=\u00bbdefault\u00bb header_text_align=\u00bbcenter\u00bb background_color=\u00bb#f1e8d5&#8243; height=\u00bb520px\u00bb custom_padding=\u00bb10px||||false|false\u00bb global_colors_info=\u00bb{}\u00bb]<\/p>\n<p><strong>Instructor superior de desarrollo<\/strong><\/p>\n<p>\u00abOWC sigue record\u00e1ndome que tengo una responsabilidad con el mundo y conmigo mismo. Gracias a este programa, he visto y experimentado el mundo de una manera que la mayor\u00eda de la gente simplemente no ve. S\u00e9 que tengo que seguir adelante y esforzarme para poder ayudar a que el mundo avance hacia un futuro m\u00e1s sostenible y brillante.\u00bb<\/p>\n<p>[\/et_pb_blurb][\/et_pb_column][et_pb_column type=\u00bb1_3&#8243; _builder_version=\u00bb4.18.1&#8243; _module_preset=\u00bbdefault\u00bb global_colors_info=\u00bb{}\u00bb][et_pb_blurb title=\u00bbRICARDO ROSADO\u00bb image=\u00bbhttps:\/\/oneworldcenter.org\/wp-content\/uploads\/2023\/02\/ricardo-batista-web-300&#215;225.jpg\u00bb image_icon_width=\u00bb130%\u00bb module_class=\u00bbvolunteers\u00bb _builder_version=\u00bb4.18.1&#8243; _module_preset=\u00bbdefault\u00bb header_text_align=\u00bbcenter\u00bb background_color=\u00bb#f1e8d5&#8243; height=\u00bb520px\u00bb custom_padding=\u00bb10px||||false|false\u00bb global_colors_info=\u00bb{}\u00bb]<\/p>\n<p><strong>Coordinador de Desarrollo Institucional en ONG en Brasil<\/strong><br \/>\u00abEl programa OWC fue un proceso de mejora personal que me llev\u00f3 a ser quien soy hoy. OWC me dio la oportunidad de conocer a gente de todo el mundo con sue\u00f1os e ideas comunes, y esa inmersi\u00f3n me ayud\u00f3 a actuar como voluntaria en Zambia, donde la cultura es tan diferente a la m\u00eda.\u00bb<\/p>\n<p>[\/et_pb_blurb][\/et_pb_column][et_pb_column type=\u00bb1_3&#8243; _builder_version=\u00bb4.18.1&#8243; _module_preset=\u00bbdefault\u00bb global_colors_info=\u00bb{}\u00bb][et_pb_blurb title=\u00bbCHRIS PHILLIPS\u00bb image=\u00bbhttps:\/\/oneworldcenter.org\/wp-content\/uploads\/2023\/02\/chris-phillips-web-300&#215;225.jpg\u00bb image_icon_width=\u00bb130%\u00bb module_class=\u00bbvolunteers\u00bb _builder_version=\u00bb4.18.1&#8243; _module_preset=\u00bbdefault\u00bb header_text_align=\u00bbcenter\u00bb background_color=\u00bb#f1e8d5&#8243; height=\u00bb520px\u00bb custom_padding=\u00bb10px||||false|false\u00bb global_colors_info=\u00bb{}\u00bb]<\/p>\n<p><strong>Terapeuta educativa en el Centro de Neurohabilidades<\/strong><br \/>\u00abGracias al programa de OWC aprend\u00ed lo importante que es trabajar colectivamente, desarrollar habilidades de comunicaci\u00f3n y pensar con originalidad a la hora de planificar y resolver problemas en situaciones dif\u00edciles\u00bb<\/p>\n<p>[\/et_pb_blurb][\/et_pb_column][\/et_pb_row][et_pb_row column_structure=\u00bb1_2,1_2&#8243; _builder_version=\u00bb4.18.1&#8243; _module_preset=\u00bbdefault\u00bb width=\u00bb44%\u00bb width_tablet=\u00bb44%\u00bb width_phone=\u00bb85%\u00bb width_last_edited=\u00bbon|phone\u00bb global_colors_info=\u00bb{}\u00bb][et_pb_column type=\u00bb1_2&#8243; _builder_version=\u00bb4.18.1&#8243; _module_preset=\u00bbdefault\u00bb global_colors_info=\u00bb{}\u00bb][et_pb_blurb title=\u00bbDIANA LEAVITT\u00bb image=\u00bbhttps:\/\/oneworldcenter.org\/wp-content\/uploads\/2023\/02\/diana-leavitt-web-300&#215;225.jpg\u00bb image_icon_width=\u00bb130%\u00bb module_class=\u00bbvolunteers\u00bb _builder_version=\u00bb4.18.1&#8243; _module_preset=\u00bbdefault\u00bb header_text_align=\u00bbcenter\u00bb background_color=\u00bb#f1e8d5&#8243; height=\u00bb620px\u00bb custom_padding=\u00bb10px||||false|false\u00bb global_colors_info=\u00bb{}\u00bb]<\/p>\n<p><strong>Estudiante universitario<\/strong><\/p>\n<p>\u00abEntr\u00e9 en One World Center a los 18 a\u00f1os. Este programa me dio la oportunidad de desarrollarme. La gente que me conoc\u00eda antes y despu\u00e9s de pasar por el programa me ha dicho que he madurado mucho. He aprendido a mantener la calma, a adaptarme, a ser ingeniosa y a aprovechar las oportunidades que se me presentan. Ser mentora de los ni\u00f1os vulnerables y hu\u00e9rfanos que viven en Children&#8217;s Town en Zambia fue algo que recordar\u00e9 siempre. Estoy muy agradecida por las relaciones que entabl\u00e9 durante los seis meses que viv\u00ed all\u00ed. Vivir en \u00c1frica me dio una perspectiva completamente diferente. \u00ab<\/p>\n<p>[\/et_pb_blurb][\/et_pb_column][et_pb_column type=\u00bb1_2&#8243; _builder_version=\u00bb4.18.1&#8243; _module_preset=\u00bbdefault\u00bb global_colors_info=\u00bb{}\u00bb][et_pb_blurb title=\u00bbALEX DOLZAN\u00bb image=\u00bbhttps:\/\/oneworldcenter.org\/wp-content\/uploads\/2023\/02\/alex-dolzan-web-300&#215;225.jpg\u00bb image_icon_width=\u00bb130%\u00bb module_class=\u00bbvolunteers\u00bb _builder_version=\u00bb4.18.1&#8243; _module_preset=\u00bbdefault\u00bb header_text_align=\u00bbcenter\u00bb background_color=\u00bb#f1e8d5&#8243; height=\u00bb620px\u00bb custom_padding=\u00bb10px||||false|false\u00bb global_colors_info=\u00bb{}\u00bb]<\/p>\n<p><strong>Gesti\u00f3n p\u00fablica de ONG<\/strong><br \/>\u00abA trav\u00e9s del programa de OWC aprend\u00ed a vivir en comunidad, compartiendo y guiando a personas de otras culturas. La formaci\u00f3n me ense\u00f1\u00f3 mucho sobre m\u00ed misma, y la experiencia en \u00c1frica me mostr\u00f3 c\u00f3mo podemos ser felices con tan poco y lo importante que es amarnos los unos a los otros sin importar c\u00f3mo. El periodo de seguimiento tambi\u00e9n fue importante para compartir y mostrar a los dem\u00e1s lo mucho que creces durante el programa\u00bb.<\/p>\n<p>[\/et_pb_blurb][\/et_pb_column][\/et_pb_row][\/et_pb_section]<\/p>\n","protected":false},"excerpt":{"rendered":"<p>Nuestros graduados Perspectiva de un participanteLos graduados de nuestros programas adquieren conciencia intercultural, aptitudes para el desarrollo y conocimientos especializados sobre las regiones en las que trabajan. El esp\u00edritu \u00fanico de One World Center dota a los estudiantes de las habilidades, los conocimientos y la perspectiva necesarios para seguir adelante y tener un impacto real [&hellip;]<\/p>\n","protected":false},"author":1,"featured_media":0,"parent":0,"menu_order":0,"comment_status":"closed","ping_status":"closed","template":"","meta":{"_et_pb_use_builder":"on","_et_pb_old_content":"","_et_gb_content_width":"","footnotes":""},"class_list":["post-121897","page","type-page","status-publish","hentry"],"yoast_head":"<!-- This site is optimized with the Yoast SEO Premium plugin v20.0 (Yoast SEO v27.4) - https:\/\/yoast.com\/product\/yoast-seo-premium-wordpress\/ -->\n<title>Nuestros graduados - One World Center<\/title>\n<meta name=\"robots\" content=\"index, follow, max-snippet:-1, max-image-preview:large, max-video-preview:-1\" \/>\n<link rel=\"canonical\" href=\"https:\/\/oneworldcenter.org\/es\/nuestros-graduados\/\" \/>\n<meta property=\"og:locale\" content=\"es_ES\" \/>\n<meta property=\"og:type\" content=\"article\" \/>\n<meta property=\"og:title\" content=\"Nuestros graduados\" \/>\n<meta property=\"og:description\" content=\"Nuestros graduados Perspectiva de un participanteLos graduados de nuestros programas adquieren conciencia intercultural, aptitudes para el desarrollo y conocimientos especializados sobre las regiones en las que trabajan. El esp\u00edritu \u00fanico de One World Center dota a los estudiantes de las habilidades, los conocimientos y la perspectiva necesarios para seguir adelante y tener un impacto real [&hellip;]\" \/>\n<meta property=\"og:url\" content=\"https:\/\/oneworldcenter.org\/es\/nuestros-graduados\/\" \/>\n<meta property=\"og:site_name\" content=\"One World Center\" \/>\n<meta property=\"article:publisher\" content=\"https:\/\/www.facebook.com\/OneWorldCenterUSA\" \/>\n<meta property=\"article:modified_time\" content=\"2023-09-19T13:22:22+00:00\" \/>\n<meta name=\"twitter:card\" content=\"summary_large_image\" \/>\n<meta name=\"twitter:label1\" content=\"Tiempo de lectura\" \/>\n\t<meta name=\"twitter:data1\" content=\"8 minutos\" \/>\n<script type=\"application\/ld+json\" class=\"yoast-schema-graph\">{\"@context\":\"https:\\\/\\\/schema.org\",\"@graph\":[{\"@type\":\"WebPage\",\"@id\":\"https:\\\/\\\/oneworldcenter.org\\\/es\\\/nuestros-graduados\\\/\",\"url\":\"https:\\\/\\\/oneworldcenter.org\\\/es\\\/nuestros-graduados\\\/\",\"name\":\"Nuestros graduados - One World Center\",\"isPartOf\":{\"@id\":\"https:\\\/\\\/oneworldcenter.org\\\/es\\\/#website\"},\"datePublished\":\"2023-02-08T12:59:37+00:00\",\"dateModified\":\"2023-09-19T13:22:22+00:00\",\"breadcrumb\":{\"@id\":\"https:\\\/\\\/oneworldcenter.org\\\/es\\\/nuestros-graduados\\\/#breadcrumb\"},\"inLanguage\":\"es\",\"potentialAction\":[{\"@type\":\"ReadAction\",\"target\":[\"https:\\\/\\\/oneworldcenter.org\\\/es\\\/nuestros-graduados\\\/\"]}]},{\"@type\":\"BreadcrumbList\",\"@id\":\"https:\\\/\\\/oneworldcenter.org\\\/es\\\/nuestros-graduados\\\/#breadcrumb\",\"itemListElement\":[{\"@type\":\"ListItem\",\"position\":1,\"name\":\"Home\",\"item\":\"https:\\\/\\\/oneworldcenter.org\\\/es\\\/\"},{\"@type\":\"ListItem\",\"position\":2,\"name\":\"Nuestros graduados\"}]},{\"@type\":\"WebSite\",\"@id\":\"https:\\\/\\\/oneworldcenter.org\\\/es\\\/#website\",\"url\":\"https:\\\/\\\/oneworldcenter.org\\\/es\\\/\",\"name\":\"One World Center\",\"description\":\"Helping Eliminate World Poverty &amp; Climate Change\",\"publisher\":{\"@id\":\"https:\\\/\\\/oneworldcenter.org\\\/es\\\/#organization\"},\"potentialAction\":[{\"@type\":\"SearchAction\",\"target\":{\"@type\":\"EntryPoint\",\"urlTemplate\":\"https:\\\/\\\/oneworldcenter.org\\\/es\\\/?s={search_term_string}\"},\"query-input\":{\"@type\":\"PropertyValueSpecification\",\"valueRequired\":true,\"valueName\":\"search_term_string\"}}],\"inLanguage\":\"es\"},{\"@type\":\"Organization\",\"@id\":\"https:\\\/\\\/oneworldcenter.org\\\/es\\\/#organization\",\"name\":\"One World Center\",\"url\":\"https:\\\/\\\/oneworldcenter.org\\\/es\\\/\",\"logo\":{\"@type\":\"ImageObject\",\"inLanguage\":\"es\",\"@id\":\"https:\\\/\\\/oneworldcenter.org\\\/es\\\/#\\\/schema\\\/logo\\\/image\\\/\",\"url\":\"https:\\\/\\\/0b426581f2.nxcli.io\\\/wp-content\\\/uploads\\\/2023\\\/02\\\/official-logo.png\",\"contentUrl\":\"https:\\\/\\\/0b426581f2.nxcli.io\\\/wp-content\\\/uploads\\\/2023\\\/02\\\/official-logo.png\",\"width\":500,\"height\":500,\"caption\":\"One World Center\"},\"image\":{\"@id\":\"https:\\\/\\\/oneworldcenter.org\\\/es\\\/#\\\/schema\\\/logo\\\/image\\\/\"},\"sameAs\":[\"https:\\\/\\\/www.facebook.com\\\/OneWorldCenterUSA\",\"https:\\\/\\\/www.instagram.com\\\/teamoneworld\\\/\"]}]}<\/script>\n<!-- \/ Yoast SEO Premium plugin. -->","yoast_head_json":{"title":"Nuestros graduados - One World Center","robots":{"index":"index","follow":"follow","max-snippet":"max-snippet:-1","max-image-preview":"max-image-preview:large","max-video-preview":"max-video-preview:-1"},"canonical":"https:\/\/oneworldcenter.org\/es\/nuestros-graduados\/","og_locale":"es_ES","og_type":"article","og_title":"Nuestros graduados","og_description":"Nuestros graduados Perspectiva de un participanteLos graduados de nuestros programas adquieren conciencia intercultural, aptitudes para el desarrollo y conocimientos especializados sobre las regiones en las que trabajan. El esp\u00edritu \u00fanico de One World Center dota a los estudiantes de las habilidades, los conocimientos y la perspectiva necesarios para seguir adelante y tener un impacto real [&hellip;]","og_url":"https:\/\/oneworldcenter.org\/es\/nuestros-graduados\/","og_site_name":"One World Center","article_publisher":"https:\/\/www.facebook.com\/OneWorldCenterUSA","article_modified_time":"2023-09-19T13:22:22+00:00","twitter_card":"summary_large_image","twitter_misc":{"Tiempo de lectura":"8 minutos"},"schema":{"@context":"https:\/\/schema.org","@graph":[{"@type":"WebPage","@id":"https:\/\/oneworldcenter.org\/es\/nuestros-graduados\/","url":"https:\/\/oneworldcenter.org\/es\/nuestros-graduados\/","name":"Nuestros graduados - One World Center","isPartOf":{"@id":"https:\/\/oneworldcenter.org\/es\/#website"},"datePublished":"2023-02-08T12:59:37+00:00","dateModified":"2023-09-19T13:22:22+00:00","breadcrumb":{"@id":"https:\/\/oneworldcenter.org\/es\/nuestros-graduados\/#breadcrumb"},"inLanguage":"es","potentialAction":[{"@type":"ReadAction","target":["https:\/\/oneworldcenter.org\/es\/nuestros-graduados\/"]}]},{"@type":"BreadcrumbList","@id":"https:\/\/oneworldcenter.org\/es\/nuestros-graduados\/#breadcrumb","itemListElement":[{"@type":"ListItem","position":1,"name":"Home","item":"https:\/\/oneworldcenter.org\/es\/"},{"@type":"ListItem","position":2,"name":"Nuestros graduados"}]},{"@type":"WebSite","@id":"https:\/\/oneworldcenter.org\/es\/#website","url":"https:\/\/oneworldcenter.org\/es\/","name":"One World Center","description":"Helping Eliminate World Poverty &amp; Climate Change","publisher":{"@id":"https:\/\/oneworldcenter.org\/es\/#organization"},"potentialAction":[{"@type":"SearchAction","target":{"@type":"EntryPoint","urlTemplate":"https:\/\/oneworldcenter.org\/es\/?s={search_term_string}"},"query-input":{"@type":"PropertyValueSpecification","valueRequired":true,"valueName":"search_term_string"}}],"inLanguage":"es"},{"@type":"Organization","@id":"https:\/\/oneworldcenter.org\/es\/#organization","name":"One World Center","url":"https:\/\/oneworldcenter.org\/es\/","logo":{"@type":"ImageObject","inLanguage":"es","@id":"https:\/\/oneworldcenter.org\/es\/#\/schema\/logo\/image\/","url":"https:\/\/0b426581f2.nxcli.io\/wp-content\/uploads\/2023\/02\/official-logo.png","contentUrl":"https:\/\/0b426581f2.nxcli.io\/wp-content\/uploads\/2023\/02\/official-logo.png","width":500,"height":500,"caption":"One World Center"},"image":{"@id":"https:\/\/oneworldcenter.org\/es\/#\/schema\/logo\/image\/"},"sameAs":["https:\/\/www.facebook.com\/OneWorldCenterUSA","https:\/\/www.instagram.com\/teamoneworld\/"]}]}},"_links":{"self":[{"href":"https:\/\/oneworldcenter.org\/es\/wp-json\/wp\/v2\/pages\/121897","targetHints":{"allow":["GET"]}}],"collection":[{"href":"https:\/\/oneworldcenter.org\/es\/wp-json\/wp\/v2\/pages"}],"about":[{"href":"https:\/\/oneworldcenter.org\/es\/wp-json\/wp\/v2\/types\/page"}],"author":[{"embeddable":true,"href":"https:\/\/oneworldcenter.org\/es\/wp-json\/wp\/v2\/users\/1"}],"replies":[{"embeddable":true,"href":"https:\/\/oneworldcenter.org\/es\/wp-json\/wp\/v2\/comments?post=121897"}],"version-history":[{"count":2,"href":"https:\/\/oneworldcenter.org\/es\/wp-json\/wp\/v2\/pages\/121897\/revisions"}],"predecessor-version":[{"id":122809,"href":"https:\/\/oneworldcenter.org\/es\/wp-json\/wp\/v2\/pages\/121897\/revisions\/122809"}],"wp:attachment":[{"href":"https:\/\/oneworldcenter.org\/es\/wp-json\/wp\/v2\/media?parent=121897"}],"curies":[{"name":"wp","href":"https:\/\/api.w.org\/{rel}","templated":true}]}}