{"id":121884,"date":"2023-02-03T13:11:38","date_gmt":"2023-02-03T13:11:38","guid":{"rendered":"https:\/\/www.oneworldcenter.org\/donar\/"},"modified":"2023-03-09T18:22:46","modified_gmt":"2023-03-09T18:22:46","slug":"donar","status":"publish","type":"page","link":"https:\/\/oneworldcenter.org\/es\/donar\/","title":{"rendered":"Donar"},"content":{"rendered":"<p>[et_pb_section fb_built=\u00bb1&#8243; admin_label=\u00bbHeader Image\u00bb _builder_version=\u00bb4.19.5&#8243; _module_preset=\u00bbdefault\u00bb background_image=\u00bbhttps:\/\/oneworldcenter.org\/wp-content\/uploads\/2023\/03\/message-from-director.jpg\u00bb transform_translate=\u00bb0px|-80px\u00bb transform_translate_linked=\u00bboff\u00bb height=\u00bb450px\u00bb custom_padding=\u00bb8px||3px|||\u00bb hover_enabled=\u00bb0&#8243; global_colors_info=\u00bb{}\u00bb title_text=\u00bbmessage-from-director\u00bb background_position=\u00bbtop_center\u00bb background_vertical_offset=\u00bb11%\u00bb background_blend=\u00bboverlay\u00bb background_color=\u00bbrgba(0,0,0,0.12)\u00bb sticky_enabled=\u00bb0&#8243;][et_pb_row _builder_version=\u00bb4.18.1&#8243; _module_preset=\u00bbdefault\u00bb width=\u00bb67%\u00bb width_tablet=\u00bb65%\u00bb width_phone=\u00bb90%\u00bb width_last_edited=\u00bbon|phone\u00bb max_width=\u00bb1920px\u00bb module_alignment=\u00bbcenter\u00bb custom_margin=\u00bb40vh|auto||auto|false|false\u00bb custom_margin_tablet=\u00bb36vh|auto||auto|false|false\u00bb custom_margin_phone=\u00bb28vh||||false|false\u00bb custom_margin_last_edited=\u00bbon|phone\u00bb custom_padding=\u00bb||0px||false|false\u00bb hover_enabled=\u00bb0&#8243; global_colors_info=\u00bb{}\u00bb sticky_enabled=\u00bb0&#8243;][et_pb_column type=\u00bb4_4&#8243; _builder_version=\u00bb4.17.0&#8243; _module_preset=\u00bbdefault\u00bb global_colors_info=\u00bb{}\u00bb][et_pb_text module_class=\u00bblanding article\u00bb _builder_version=\u00bb4.18.1&#8243; _module_preset=\u00bbdefault\u00bb text_font=\u00bb||||||||\u00bb text_text_color=\u00bb#FFFFFF\u00bb text_font_size=\u00bb22px\u00bb text_line_height=\u00bb1.4em\u00bb link_text_color=\u00bb#E09900&#8243; header_font=\u00bbPlayfair Display|700|||||||\u00bb header_text_align=\u00bbleft\u00bb header_text_color=\u00bb#FFFFFF\u00bb header_font_size=\u00bb50px\u00bb header_2_font=\u00bbArgentumas Sans Regular|500|||||||\u00bb header_2_text_align=\u00bbcenter\u00bb header_2_text_color=\u00bb#f84e01&#8243; header_2_font_size=\u00bb53px\u00bb header_4_font=\u00bbMontserrat|700|||||||\u00bb header_4_text_align=\u00bbleft\u00bb header_4_text_color=\u00bb#FFFFFF\u00bb header_4_line_height=\u00bb1.2em\u00bb background_color=\u00bbrgba(122,139,119,0.79)\u00bb text_orientation=\u00bbjustified\u00bb width=\u00bb60%\u00bb custom_padding=\u00bb5px|10px|5px|10px|true|true\u00bb header_font_size_tablet=\u00bb50px\u00bb header_font_size_phone=\u00bb40px\u00bb header_font_size_last_edited=\u00bbon|phone\u00bb global_colors_info=\u00bb{}\u00bb]<\/p>\n<h1>Hacer una donaci\u00f3n<\/h1>\n<h4>Agradecemos su apoyo<\/h4>\n<p>[\/et_pb_text][\/et_pb_column][\/et_pb_row][\/et_pb_section][et_pb_section fb_built=\u00bb1&#8243; specialty=\u00bbon\u00bb _builder_version=\u00bb4.18.1&#8243; _module_preset=\u00bbdefault\u00bb transform_translate=\u00bb0px|-50px\u00bb transform_translate_linked=\u00bboff\u00bb width_tablet=\u00bb\u00bb width_phone=\u00bb\u00bb width_last_edited=\u00bbon|phone\u00bb custom_padding=\u00bb0px|||0px||\u00bb global_colors_info=\u00bb{}\u00bb][et_pb_column type=\u00bb2_3&#8243; specialty_columns=\u00bb2&#8243; _builder_version=\u00bb4.16&#8243; custom_padding=\u00bb|||\u00bb global_colors_info=\u00bb{}\u00bb custom_padding__hover=\u00bb|||\u00bb][et_pb_row_inner _builder_version=\u00bb4.18.1&#8243; _module_preset=\u00bbdefault\u00bb width_tablet=\u00bb\u00bb width_phone=\u00bb\u00bb width_last_edited=\u00bbon|phone\u00bb custom_margin=\u00bb|-5px||-8px||\u00bb global_colors_info=\u00bb{}\u00bb][et_pb_column_inner saved_specialty_column_type=\u00bb2_3&#8243; _builder_version=\u00bb4.18.1&#8243; _module_preset=\u00bbdefault\u00bb global_colors_info=\u00bb{}\u00bb][et_pb_text module_class=\u00bbarticle\u00bb _builder_version=\u00bb4.18.1&#8243; _module_preset=\u00bbdefault\u00bb global_colors_info=\u00bb{}\u00bb]<\/p>\n<p>Todas las donaciones se destinan a becas para los participantes y a ayudarnos a construir un campus sostenible.<\/p>\n<p><strong>\u00bfC\u00f3mo se utilizar\u00e1 su donaci\u00f3n?<br \/><\/strong>Todas las donaciones se destinan a becas para los participantes y nos ayudan a construir un campus sostenible.<\/p>\n<p><strong>Datos del NIE<\/strong><br \/>Somos el Instituto de Cooperaci\u00f3n Internacional y Desarrollo, Michigan<br \/>En junio de 2013, cambiamos nuestro nombre a One World Center para celebrar 30 a\u00f1os en Estados Unidos. El IICD\/OWC se constituy\u00f3 en 1997 como organizaci\u00f3n de investigaci\u00f3n sin \u00e1nimo de lucro seg\u00fan lo descrito en el c\u00f3digo 501(c) 3 del IRS. El IICD Michigan\/OWC est\u00e1 exento de impuestos federales por sus actividades y los donantes pueden deducir las donaciones a la organizaci\u00f3n de los ingresos declarados en su declaraci\u00f3n de la renta. Nuestro n\u00famero EIN es: 38-3379778<\/p>\n<p>[\/et_pb_text][\/et_pb_column_inner][\/et_pb_row_inner][et_pb_row_inner _builder_version=\u00bb4.18.1&#8243; _module_preset=\u00bbdefault\u00bb custom_padding=\u00bb4px|||||\u00bb global_colors_info=\u00bb{}\u00bb][et_pb_column_inner saved_specialty_column_type=\u00bb2_3&#8243; _builder_version=\u00bb4.18.1&#8243; _module_preset=\u00bbdefault\u00bb global_colors_info=\u00bb{}\u00bb][et_pb_code _builder_version=\u00bb4.18.1&#8243; _module_preset=\u00bbdefault\u00bb global_colors_info=\u00bb{}\u00bb]<style>\r\n        .wpedon-container .wpedon-select,\r\n        .wpedon-container .wpedon-input {\r\n            width: 171px;\r\n            min-width: 171px;\r\n            max-width: 171px;\r\n        }\r\n    <\/style><div class='wpedon-container wpedon-align-left'><label id='wpedon-121223-name-label'><br \/><span class='price'><\/span><\/label><br \/>\r\n\t\t<script>\r\n\t\tjQuery(document).ready(function(){\r\n\t\t\tjQuery('#dd_b2e0570993b3642dc1b070e6a63cb1a2').on('change', function() {\r\n\t\t\t  jQuery('#amount_b2e0570993b3642dc1b070e6a63cb1a2').val(this.value);\r\n              jQuery('#price_b2e0570993b3642dc1b070e6a63cb1a2').val(this.value);\r\n\t\t\t});\r\n\t\t});\r\n\t\t<\/script>\r\n\t\t<br \/><label style='font-size:11pt !important;'>Amount<\/label><br \/><select class='wpedon-select' name='dd_b2e0570993b3642dc1b070e6a63cb1a2' id='dd_b2e0570993b3642dc1b070e6a63cb1a2'><option value='10.00'>10.00<\/option><option value='50.00'>50.00<\/option><option value='100.00'>100.00<\/option><option value='200.00'>200.00<\/option><option value='500.00'>500.00<\/option><option value='1000.00'>1000.00<\/option><option value='5000.00'>5000.00<\/option><\/select><br \/><br \/><form target='_blank' action='https:\/\/www.paypal.com\/cgi-bin\/webscr' method='post' class='wpedon-form'><input type='hidden' name='cmd' value='_donations' \/><input type='hidden' name='business' value='trine@iicdmichigan.org' \/><input type='hidden' name='currency_code' value='USD' \/><input type='hidden' name='notify_url' value='https:\/\/oneworldcenter.org\/wp-admin\/admin-post.php?action=add_wpedon_button_ipn'><input type='hidden' name='lc' value='en_US'><input type='hidden' name='bn' value='WPPlugin_SP'><input type='hidden' name='return' value='' \/><input type='hidden' name='cancel_return' value='' \/><input class='wpedon_paypalbuttonimage' type='image' src='https:\/\/www.paypal.com\/en_US\/i\/btn\/btn_donateCC_LG.gif' border='0' name='submit' alt='Make your payments with PayPal. It is free, secure, effective.' style='border: none;'><img alt='' border='0' style='border:none;display:none;' src='https:\/\/www.paypal.com\/en_US\/i\/scr\/pixel.gif' width='1' height='1'><input type='hidden' name='amount' id='amount_b2e0570993b3642dc1b070e6a63cb1a2' value='10.00' \/><input type='hidden' name='price' id='price_b2e0570993b3642dc1b070e6a63cb1a2' value='10.00' \/><input type='hidden' name='item_number' value='' \/><input type='hidden' name='item_name' value='' \/><input type='hidden' name='name' value='' \/><input type='hidden' name='custom' value='121223'><input type='hidden' name='no_shipping' value='1'><input type='hidden' name='no_note' value='0'><input type='hidden' name='currency_code' value='USD'><\/form><\/div>[\/et_pb_code][\/et_pb_column_inner][\/et_pb_row_inner][\/et_pb_column][et_pb_column type=\u00bb1_3&#8243; _builder_version=\u00bb4.16&#8243; custom_padding=\u00bb|||\u00bb global_colors_info=\u00bb{}\u00bb custom_padding__hover=\u00bb|||\u00bb][et_pb_image src=\u00bbhttps:\/\/oneworldcenter.org\/wp-content\/uploads\/2023\/02\/Donation-Page-2.jpg\u00bb alt=\u00bbFondos de becas para los participantes\u00bb title_text=\u00bbFondos de becas para los participantes\u00bb show_in_lightbox=\u00bbon\u00bb module_class=\u00bbcst_img_caption\u00bb _builder_version=\u00bb4.18.1&#8243; _module_preset=\u00bbdefault\u00bb custom_css_after=\u00bbcontent: %22Scholarship funds for participants%22;\u00bb global_colors_info=\u00bb{}\u00bb][\/et_pb_image][et_pb_image src=\u00bbhttps:\/\/oneworldcenter.org\/wp-content\/uploads\/2023\/02\/Donation-Page-3.jpg\u00bb alt=\u00bbConstruir un campus sostenible\u00bb title_text=\u00bbConstruir un campus sostenible\u00bb show_in_lightbox=\u00bbon\u00bb module_class=\u00bbcst_img_caption\u00bb _builder_version=\u00bb4.18.1&#8243; _module_preset=\u00bbdefault\u00bb custom_css_after=\u00bbcontent: %22To build a sustainable campus%22;\u00bb global_colors_info=\u00bb{}\u00bb][\/et_pb_image][\/et_pb_column][\/et_pb_section]<\/p>\n","protected":false},"excerpt":{"rendered":"<p>Hacer una donaci\u00f3n Agradecemos su apoyoTodas las donaciones se destinan a becas para los participantes y a ayudarnos a construir un campus sostenible. \u00bfC\u00f3mo se utilizar\u00e1 su donaci\u00f3n?Todas las donaciones se destinan a becas para los participantes y nos ayudan a construir un campus sostenible. Datos del NIESomos el Instituto de Cooperaci\u00f3n Internacional y Desarrollo, [&hellip;]<\/p>\n","protected":false},"author":1,"featured_media":0,"parent":0,"menu_order":0,"comment_status":"closed","ping_status":"closed","template":"","meta":{"_et_pb_use_builder":"on","_et_pb_old_content":"","_et_gb_content_width":"","footnotes":""},"class_list":["post-121884","page","type-page","status-publish","hentry"],"yoast_head":"<!-- This site is optimized with the Yoast SEO Premium plugin v20.0 (Yoast SEO v27.4) - https:\/\/yoast.com\/product\/yoast-seo-premium-wordpress\/ -->\n<title>Donar - One World Center<\/title>\n<meta name=\"robots\" content=\"index, follow, max-snippet:-1, max-image-preview:large, max-video-preview:-1\" \/>\n<link rel=\"canonical\" href=\"https:\/\/oneworldcenter.org\/es\/donar\/\" \/>\n<meta property=\"og:locale\" content=\"es_ES\" \/>\n<meta property=\"og:type\" content=\"article\" \/>\n<meta property=\"og:title\" content=\"Donar\" \/>\n<meta property=\"og:description\" content=\"Hacer una donaci\u00f3n Agradecemos su apoyoTodas las donaciones se destinan a becas para los participantes y a ayudarnos a construir un campus sostenible. \u00bfC\u00f3mo se utilizar\u00e1 su donaci\u00f3n?Todas las donaciones se destinan a becas para los participantes y nos ayudan a construir un campus sostenible. Datos del NIESomos el Instituto de Cooperaci\u00f3n Internacional y Desarrollo, [&hellip;]\" \/>\n<meta property=\"og:url\" content=\"https:\/\/oneworldcenter.org\/es\/donar\/\" \/>\n<meta property=\"og:site_name\" content=\"One World Center\" \/>\n<meta property=\"article:publisher\" content=\"https:\/\/www.facebook.com\/OneWorldCenterUSA\" \/>\n<meta property=\"article:modified_time\" content=\"2023-03-09T18:22:46+00:00\" \/>\n<meta name=\"twitter:card\" content=\"summary_large_image\" \/>\n<meta name=\"twitter:label1\" content=\"Tiempo de lectura\" \/>\n\t<meta name=\"twitter:data1\" content=\"4 minutos\" \/>\n<script type=\"application\/ld+json\" class=\"yoast-schema-graph\">{\"@context\":\"https:\\\/\\\/schema.org\",\"@graph\":[{\"@type\":\"WebPage\",\"@id\":\"https:\\\/\\\/oneworldcenter.org\\\/es\\\/donar\\\/\",\"url\":\"https:\\\/\\\/oneworldcenter.org\\\/es\\\/donar\\\/\",\"name\":\"Donar - One World Center\",\"isPartOf\":{\"@id\":\"https:\\\/\\\/oneworldcenter.org\\\/es\\\/#website\"},\"datePublished\":\"2023-02-03T13:11:38+00:00\",\"dateModified\":\"2023-03-09T18:22:46+00:00\",\"breadcrumb\":{\"@id\":\"https:\\\/\\\/oneworldcenter.org\\\/es\\\/donar\\\/#breadcrumb\"},\"inLanguage\":\"es\",\"potentialAction\":[{\"@type\":\"ReadAction\",\"target\":[\"https:\\\/\\\/oneworldcenter.org\\\/es\\\/donar\\\/\"]}]},{\"@type\":\"BreadcrumbList\",\"@id\":\"https:\\\/\\\/oneworldcenter.org\\\/es\\\/donar\\\/#breadcrumb\",\"itemListElement\":[{\"@type\":\"ListItem\",\"position\":1,\"name\":\"Home\",\"item\":\"https:\\\/\\\/oneworldcenter.org\\\/es\\\/\"},{\"@type\":\"ListItem\",\"position\":2,\"name\":\"Donar\"}]},{\"@type\":\"WebSite\",\"@id\":\"https:\\\/\\\/oneworldcenter.org\\\/es\\\/#website\",\"url\":\"https:\\\/\\\/oneworldcenter.org\\\/es\\\/\",\"name\":\"One World Center\",\"description\":\"Helping Eliminate World Poverty &amp; Climate Change\",\"publisher\":{\"@id\":\"https:\\\/\\\/oneworldcenter.org\\\/es\\\/#organization\"},\"potentialAction\":[{\"@type\":\"SearchAction\",\"target\":{\"@type\":\"EntryPoint\",\"urlTemplate\":\"https:\\\/\\\/oneworldcenter.org\\\/es\\\/?s={search_term_string}\"},\"query-input\":{\"@type\":\"PropertyValueSpecification\",\"valueRequired\":true,\"valueName\":\"search_term_string\"}}],\"inLanguage\":\"es\"},{\"@type\":\"Organization\",\"@id\":\"https:\\\/\\\/oneworldcenter.org\\\/es\\\/#organization\",\"name\":\"One World Center\",\"url\":\"https:\\\/\\\/oneworldcenter.org\\\/es\\\/\",\"logo\":{\"@type\":\"ImageObject\",\"inLanguage\":\"es\",\"@id\":\"https:\\\/\\\/oneworldcenter.org\\\/es\\\/#\\\/schema\\\/logo\\\/image\\\/\",\"url\":\"https:\\\/\\\/0b426581f2.nxcli.io\\\/wp-content\\\/uploads\\\/2023\\\/02\\\/official-logo.png\",\"contentUrl\":\"https:\\\/\\\/0b426581f2.nxcli.io\\\/wp-content\\\/uploads\\\/2023\\\/02\\\/official-logo.png\",\"width\":500,\"height\":500,\"caption\":\"One World Center\"},\"image\":{\"@id\":\"https:\\\/\\\/oneworldcenter.org\\\/es\\\/#\\\/schema\\\/logo\\\/image\\\/\"},\"sameAs\":[\"https:\\\/\\\/www.facebook.com\\\/OneWorldCenterUSA\",\"https:\\\/\\\/www.instagram.com\\\/teamoneworld\\\/\"]}]}<\/script>\n<!-- \/ Yoast SEO Premium plugin. -->","yoast_head_json":{"title":"Donar - One World Center","robots":{"index":"index","follow":"follow","max-snippet":"max-snippet:-1","max-image-preview":"max-image-preview:large","max-video-preview":"max-video-preview:-1"},"canonical":"https:\/\/oneworldcenter.org\/es\/donar\/","og_locale":"es_ES","og_type":"article","og_title":"Donar","og_description":"Hacer una donaci\u00f3n Agradecemos su apoyoTodas las donaciones se destinan a becas para los participantes y a ayudarnos a construir un campus sostenible. \u00bfC\u00f3mo se utilizar\u00e1 su donaci\u00f3n?Todas las donaciones se destinan a becas para los participantes y nos ayudan a construir un campus sostenible. Datos del NIESomos el Instituto de Cooperaci\u00f3n Internacional y Desarrollo, [&hellip;]","og_url":"https:\/\/oneworldcenter.org\/es\/donar\/","og_site_name":"One World Center","article_publisher":"https:\/\/www.facebook.com\/OneWorldCenterUSA","article_modified_time":"2023-03-09T18:22:46+00:00","twitter_card":"summary_large_image","twitter_misc":{"Tiempo de lectura":"4 minutos"},"schema":{"@context":"https:\/\/schema.org","@graph":[{"@type":"WebPage","@id":"https:\/\/oneworldcenter.org\/es\/donar\/","url":"https:\/\/oneworldcenter.org\/es\/donar\/","name":"Donar - One World Center","isPartOf":{"@id":"https:\/\/oneworldcenter.org\/es\/#website"},"datePublished":"2023-02-03T13:11:38+00:00","dateModified":"2023-03-09T18:22:46+00:00","breadcrumb":{"@id":"https:\/\/oneworldcenter.org\/es\/donar\/#breadcrumb"},"inLanguage":"es","potentialAction":[{"@type":"ReadAction","target":["https:\/\/oneworldcenter.org\/es\/donar\/"]}]},{"@type":"BreadcrumbList","@id":"https:\/\/oneworldcenter.org\/es\/donar\/#breadcrumb","itemListElement":[{"@type":"ListItem","position":1,"name":"Home","item":"https:\/\/oneworldcenter.org\/es\/"},{"@type":"ListItem","position":2,"name":"Donar"}]},{"@type":"WebSite","@id":"https:\/\/oneworldcenter.org\/es\/#website","url":"https:\/\/oneworldcenter.org\/es\/","name":"One World Center","description":"Helping Eliminate World Poverty &amp; Climate Change","publisher":{"@id":"https:\/\/oneworldcenter.org\/es\/#organization"},"potentialAction":[{"@type":"SearchAction","target":{"@type":"EntryPoint","urlTemplate":"https:\/\/oneworldcenter.org\/es\/?s={search_term_string}"},"query-input":{"@type":"PropertyValueSpecification","valueRequired":true,"valueName":"search_term_string"}}],"inLanguage":"es"},{"@type":"Organization","@id":"https:\/\/oneworldcenter.org\/es\/#organization","name":"One World Center","url":"https:\/\/oneworldcenter.org\/es\/","logo":{"@type":"ImageObject","inLanguage":"es","@id":"https:\/\/oneworldcenter.org\/es\/#\/schema\/logo\/image\/","url":"https:\/\/0b426581f2.nxcli.io\/wp-content\/uploads\/2023\/02\/official-logo.png","contentUrl":"https:\/\/0b426581f2.nxcli.io\/wp-content\/uploads\/2023\/02\/official-logo.png","width":500,"height":500,"caption":"One World Center"},"image":{"@id":"https:\/\/oneworldcenter.org\/es\/#\/schema\/logo\/image\/"},"sameAs":["https:\/\/www.facebook.com\/OneWorldCenterUSA","https:\/\/www.instagram.com\/teamoneworld\/"]}]}},"_links":{"self":[{"href":"https:\/\/oneworldcenter.org\/es\/wp-json\/wp\/v2\/pages\/121884","targetHints":{"allow":["GET"]}}],"collection":[{"href":"https:\/\/oneworldcenter.org\/es\/wp-json\/wp\/v2\/pages"}],"about":[{"href":"https:\/\/oneworldcenter.org\/es\/wp-json\/wp\/v2\/types\/page"}],"author":[{"embeddable":true,"href":"https:\/\/oneworldcenter.org\/es\/wp-json\/wp\/v2\/users\/1"}],"replies":[{"embeddable":true,"href":"https:\/\/oneworldcenter.org\/es\/wp-json\/wp\/v2\/comments?post=121884"}],"version-history":[{"count":0,"href":"https:\/\/oneworldcenter.org\/es\/wp-json\/wp\/v2\/pages\/121884\/revisions"}],"wp:attachment":[{"href":"https:\/\/oneworldcenter.org\/es\/wp-json\/wp\/v2\/media?parent=121884"}],"curies":[{"name":"wp","href":"https:\/\/api.w.org\/{rel}","templated":true}]}}