{"id":121872,"date":"2023-02-03T12:54:30","date_gmt":"2023-02-03T12:54:30","guid":{"rendered":"https:\/\/www.oneworldcenter.org\/mision-y-valores\/"},"modified":"2023-09-19T12:58:40","modified_gmt":"2023-09-19T12:58:40","slug":"mision-y-valores","status":"publish","type":"page","link":"https:\/\/oneworldcenter.org\/es\/mision-y-valores\/","title":{"rendered":"Misi\u00f3n y valores"},"content":{"rendered":"<p>[et_pb_section fb_built=\u00bb1&#8243; admin_label=\u00bbHead Image\u00bb _builder_version=\u00bb4.19.5&#8243; _module_preset=\u00bbdefault\u00bb background_color=\u00bbrgba(0,0,0,0)\u00bb background_image=\u00bbhttps:\/\/oneworldcenter.org\/wp-content\/uploads\/2023\/03\/values.jpg\u00bb transform_scale_tablet=\u00bb\u00bb transform_scale_phone=\u00bb\u00bb transform_scale_last_edited=\u00bbon|phone\u00bb transform_translate=\u00bb0px|-80px\u00bb transform_translate_tablet=\u00bb0px|-80px\u00bb transform_translate_phone=\u00bb0px|-90px\u00bb transform_translate_last_edited=\u00bbon|phone\u00bb transform_translate_linked=\u00bboff\u00bb transform_rotate_tablet=\u00bb\u00bb transform_rotate_phone=\u00bb\u00bb transform_rotate_last_edited=\u00bbon|phone\u00bb transform_skew_tablet=\u00bb\u00bb transform_skew_phone=\u00bb\u00bb transform_skew_last_edited=\u00bbon|phone\u00bb transform_origin_tablet=\u00bb\u00bb transform_origin_phone=\u00bb\u00bb transform_origin_last_edited=\u00bbon|phone\u00bb transform_styles_last_edited=\u00bbon|phone\u00bb height=\u00bb450px\u00bb custom_margin=\u00bb-2px||||false|false\u00bb custom_padding=\u00bb8px||3px||false|false\u00bb transform_styles_tablet=\u00bb\u00bb transform_styles_phone=\u00bb\u00bb global_colors_info=\u00bb{}\u00bb][et_pb_row _builder_version=\u00bb4.18.1&#8243; _module_preset=\u00bbdefault\u00bb width=\u00bb67%\u00bb width_tablet=\u00bb65%\u00bb width_phone=\u00bb90%\u00bb width_last_edited=\u00bbon|phone\u00bb max_width=\u00bb1920px\u00bb module_alignment=\u00bbcenter\u00bb custom_margin=\u00bb40vh|auto||auto|false|false\u00bb custom_margin_tablet=\u00bb36vh|auto||auto|false|false\u00bb custom_margin_phone=\u00bb28vh|auto||auto|false|false\u00bb custom_margin_last_edited=\u00bbon|phone\u00bb custom_padding=\u00bb||0px||false|false\u00bb global_colors_info=\u00bb{}\u00bb][et_pb_column type=\u00bb4_4&#8243; _builder_version=\u00bb4.17.0&#8243; _module_preset=\u00bbdefault\u00bb global_colors_info=\u00bb{}\u00bb][et_pb_text module_class=\u00bblanding article\u00bb _builder_version=\u00bb4.18.1&#8243; _module_preset=\u00bbdefault\u00bb text_font=\u00bb||||||||\u00bb text_text_color=\u00bb#FFFFFF\u00bb text_font_size=\u00bb22px\u00bb text_line_height=\u00bb1.4em\u00bb link_text_color=\u00bb#E09900&#8243; header_font=\u00bbPlayfair Display|700|||||||\u00bb header_text_align=\u00bbleft\u00bb header_text_color=\u00bb#FFFFFF\u00bb header_font_size=\u00bb50px\u00bb header_2_font=\u00bbArgentumas Sans Regular|500|||||||\u00bb header_2_text_align=\u00bbcenter\u00bb header_2_text_color=\u00bb#f84e01&#8243; header_2_font_size=\u00bb53px\u00bb header_4_font=\u00bbMontserrat|700|||||||\u00bb header_4_text_align=\u00bbleft\u00bb header_4_text_color=\u00bb#FFFFFF\u00bb header_4_line_height=\u00bb1.2em\u00bb background_color=\u00bbrgba(122,139,119,0.79)\u00bb text_orientation=\u00bbjustified\u00bb width=\u00bb60%\u00bb custom_padding=\u00bb5px|10px|5px|10px|true|true\u00bb header_font_size_tablet=\u00bb50px\u00bb header_font_size_phone=\u00bb44px\u00bb header_font_size_last_edited=\u00bbon|phone\u00bb global_colors_info=\u00bb{}\u00bb]<\/p>\n<h1>Misi\u00f3n y valores<\/h1>\n<h4><\/h4>\n<p>[\/et_pb_text][\/et_pb_column][\/et_pb_row][\/et_pb_section][et_pb_section fb_built=\u00bb1&#8243; admin_label=\u00bbArticle + Images\u00bb module_class=\u00bbthankyou\u00bb _builder_version=\u00bb4.18.1&#8243; _module_preset=\u00bbdefault\u00bb transform_translate=\u00bb0px|-75px\u00bb transform_translate_linked=\u00bboff\u00bb global_colors_info=\u00bb{}\u00bb][et_pb_row column_structure=\u00bb2_3,1_3&#8243; _builder_version=\u00bb4.18.1&#8243; _module_preset=\u00bbdefault\u00bb width_tablet=\u00bb\u00bb width_phone=\u00bb90%\u00bb width_last_edited=\u00bbon|phone\u00bb global_colors_info=\u00bb{}\u00bb][et_pb_column type=\u00bb2_3&#8243; _builder_version=\u00bb4.17.0&#8243; _module_preset=\u00bbdefault\u00bb global_colors_info=\u00bb{}\u00bb][et_pb_text module_class=\u00bbarticle\u00bb _builder_version=\u00bb4.18.1&#8243; _module_preset=\u00bbdefault\u00bb global_colors_info=\u00bb{}\u00bb]<\/p>\n<p><strong>NUESTRA MISI\u00d3N &#8211;<\/strong> One World Center es una organizaci\u00f3n sin \u00e1nimo de lucro cuya misi\u00f3n es inspirar y capacitar a la gente corriente para que act\u00fae contra la pobreza y el cambio clim\u00e1tico en todo el mundo. Abordamos los problemas de nuestro tiempo con entornos de ense\u00f1anza y aprendizaje \u00fanicos que cultivan el cambio social y apoyan nuestra visi\u00f3n global: un futuro sostenible.<\/p>\n<p><strong>NUESTROS VALORES &#8211;<\/strong> El esp\u00edritu de uni\u00f3n: One World Center es un lugar que une a personas con un deseo similar en sus corazones: aportar un cambio positivo al mundo. Creemos firmemente que todo lo que hacemos tiene un resultado final mejor cuando lo hacemos juntos. Abrazamos nuestra humanidad com\u00fan y todas las peque\u00f1as cosas que nos hacen \u00fanicos. Todo el mundo tiene algo que dar y aportar al equipo, y al mundo.<\/p>\n<p><strong>Entorno de aprendizaje hol\u00edstico:<\/strong> Creemos que hay un gran potencial en todos nosotros esperando a ser descubierto. Para desarrollar el mundo y provocar un cambio positivo, primero debemos desarrollarnos a nosotros mismos y nuestra capacidades. Hemos creado One World Center como un entorno donde la teor\u00eda y la pr\u00e1ctica van de la mano, asi Cuando sentamos las bases del conocimiento y la comprensi\u00f3n, el camino de la acci\u00f3n adecuada es claro. Sabemos que aprendemos m\u00e1s cuando nos ensuciamos las manos y salimos de nuestra zona de confort. Es importante que nunca acumulemos conocimientos para nuestro propio uso: hay que compartirlos con el mundo.<\/p>\n<p><strong>Paso a paso, creamos un cambio positivo:<\/strong> Creemos que NUNCA estamos en posici\u00f3n de decir a los dem\u00e1s lo que tienen que hacer ni de imponerles nuestras creencias y nuestra forma de hacer las cosas, Por ello, One World Center promueve una cultura de trabajo conjunto, hombro con hombro. Nuestro trabajo no es crear un cambio PARA alguien, sino crear un cambio CON alguien. Estamos junto a las comunidades con las que trabajamos y hacemos todo lo que est\u00e1 en nuestra mano para contribuir al proceso de cambio que desean en su mundo.  El cambio positivo s\u00f3lo se produce cuando trabajamos juntos e intercambiamos ideas.<\/p>\n<p><strong>Sostenibilidad, protecci\u00f3n del planeta y resiliencia:<\/strong> En One World Center, creemos que somos parte del Planeta y no sus gobernantes. Es importante proteger nuestro planeta, los recursos que alberga, y al mismo tiempo mitigar los efectos de la destrucci\u00f3n humana. Intentamos encontrar formas sostenibles de vivir y adaptarnos al mundo que nos rodea. Sabemos que para proteger el planeta el mayor cambio empieza por nosotros mismos. Cuando hacemos hincapi\u00e9 en nuestro bienestar f\u00edsico y mental, podemos vivir bien y as\u00ed, estando en nuestro mejor momento, canalizamos esa energ\u00eda positiva hacia el mundo.<\/p>\n<p><strong>\u00bfES ESTE PROGRAMA ADECUADO PARA USTED?<\/strong><\/p>\n<p>[\/et_pb_text][\/et_pb_column][et_pb_column type=\u00bb1_3&#8243; _builder_version=\u00bb4.17.0&#8243; _module_preset=\u00bbdefault\u00bb global_colors_info=\u00bb{}\u00bb][et_pb_image src=\u00bbhttps:\/\/oneworldcenter.org\/wp-content\/uploads\/2023\/02\/Mission-and-Values-2.jpg\u00bb alt=\u00bbEntorno de aprendizaje hol\u00edstico\u00bb title_text=\u00bbMisi\u00f3n y valores 2&#8243; show_in_lightbox=\u00bbon\u00bb module_class=\u00bbcst_img_caption\u00bb _builder_version=\u00bb4.18.1&#8243; _module_preset=\u00bbdefault\u00bb custom_margin=\u00bb3px|||||\u00bb custom_css_after=\u00bbcontent: %22Holistic Learning Environment%22;\u00bb global_colors_info=\u00bb{}\u00bb][\/et_pb_image][et_pb_image src=\u00bbhttps:\/\/oneworldcenter.org\/wp-content\/uploads\/2023\/02\/Mission-Values-1.jpg\u00bb alt=\u00bbPaso a paso, creamos un cambio positivo\u00bb title_text=\u00bbMisi\u00f3n y valores 1&#8243; show_in_lightbox=\u00bbon\u00bb module_class=\u00bbcst_img_caption\u00bb _builder_version=\u00bb4.18.1&#8243; _module_preset=\u00bbdefault\u00bb custom_margin=\u00bb41px|||||\u00bb custom_css_after=\u00bbcontent: %22Step By Step, We Create Positive Change%22;\u00bb global_colors_info=\u00bb{}\u00bb][\/et_pb_image][et_pb_image src=\u00bbhttps:\/\/oneworldcenter.org\/wp-content\/uploads\/2023\/02\/Mission-and-Values-3.jpg\u00bb alt=\u00bbSostenibilidad, protecci\u00f3n del planeta y resiliencia\u00bb title_text=\u00bbMisi\u00f3n y valores 3&#8243; show_in_lightbox=\u00bbon\u00bb module_class=\u00bbcst_img_caption\u00bb _builder_version=\u00bb4.18.1&#8243; _module_preset=\u00bbdefault\u00bb custom_margin=\u00bb41px|||||\u00bb custom_css_after=\u00bbcontent: %22Sustainability, Planet Protection, and Resilience%22;\u00bb global_colors_info=\u00bb{}\u00bb][\/et_pb_image][\/et_pb_column][\/et_pb_row][\/et_pb_section]<\/p>\n","protected":false},"excerpt":{"rendered":"<p>Misi\u00f3n y valores NUESTRA MISI\u00d3N &#8211; One World Center es una organizaci\u00f3n sin \u00e1nimo de lucro cuya misi\u00f3n es inspirar y capacitar a la gente corriente para que act\u00fae contra la pobreza y el cambio clim\u00e1tico en todo el mundo. Abordamos los problemas de nuestro tiempo con entornos de ense\u00f1anza y aprendizaje \u00fanicos que cultivan [&hellip;]<\/p>\n","protected":false},"author":1,"featured_media":0,"parent":0,"menu_order":0,"comment_status":"closed","ping_status":"closed","template":"","meta":{"_et_pb_use_builder":"on","_et_pb_old_content":"","_et_gb_content_width":"","footnotes":""},"class_list":["post-121872","page","type-page","status-publish","hentry"],"yoast_head":"<!-- This site is optimized with the Yoast SEO Premium plugin v20.0 (Yoast SEO v27.4) - https:\/\/yoast.com\/product\/yoast-seo-premium-wordpress\/ -->\n<title>Misi\u00f3n y valores - One World Center<\/title>\n<meta name=\"robots\" content=\"index, follow, max-snippet:-1, max-image-preview:large, max-video-preview:-1\" \/>\n<link rel=\"canonical\" href=\"https:\/\/oneworldcenter.org\/es\/mision-y-valores\/\" \/>\n<meta property=\"og:locale\" content=\"es_ES\" \/>\n<meta property=\"og:type\" content=\"article\" \/>\n<meta property=\"og:title\" content=\"Misi\u00f3n y valores\" \/>\n<meta property=\"og:description\" content=\"Misi\u00f3n y valores NUESTRA MISI\u00d3N - One World Center es una organizaci\u00f3n sin \u00e1nimo de lucro cuya misi\u00f3n es inspirar y capacitar a la gente corriente para que act\u00fae contra la pobreza y el cambio clim\u00e1tico en todo el mundo. Abordamos los problemas de nuestro tiempo con entornos de ense\u00f1anza y aprendizaje \u00fanicos que cultivan [&hellip;]\" \/>\n<meta property=\"og:url\" content=\"https:\/\/oneworldcenter.org\/es\/mision-y-valores\/\" \/>\n<meta property=\"og:site_name\" content=\"One World Center\" \/>\n<meta property=\"article:publisher\" content=\"https:\/\/www.facebook.com\/OneWorldCenterUSA\" \/>\n<meta property=\"article:modified_time\" content=\"2023-09-19T12:58:40+00:00\" \/>\n<meta name=\"twitter:card\" content=\"summary_large_image\" \/>\n<meta name=\"twitter:label1\" content=\"Tiempo de lectura\" \/>\n\t<meta name=\"twitter:data1\" content=\"5 minutos\" \/>\n<script type=\"application\/ld+json\" class=\"yoast-schema-graph\">{\"@context\":\"https:\\\/\\\/schema.org\",\"@graph\":[{\"@type\":\"WebPage\",\"@id\":\"https:\\\/\\\/oneworldcenter.org\\\/es\\\/mision-y-valores\\\/\",\"url\":\"https:\\\/\\\/oneworldcenter.org\\\/es\\\/mision-y-valores\\\/\",\"name\":\"Misi\u00f3n y valores - One World Center\",\"isPartOf\":{\"@id\":\"https:\\\/\\\/oneworldcenter.org\\\/es\\\/#website\"},\"datePublished\":\"2023-02-03T12:54:30+00:00\",\"dateModified\":\"2023-09-19T12:58:40+00:00\",\"breadcrumb\":{\"@id\":\"https:\\\/\\\/oneworldcenter.org\\\/es\\\/mision-y-valores\\\/#breadcrumb\"},\"inLanguage\":\"es\",\"potentialAction\":[{\"@type\":\"ReadAction\",\"target\":[\"https:\\\/\\\/oneworldcenter.org\\\/es\\\/mision-y-valores\\\/\"]}]},{\"@type\":\"BreadcrumbList\",\"@id\":\"https:\\\/\\\/oneworldcenter.org\\\/es\\\/mision-y-valores\\\/#breadcrumb\",\"itemListElement\":[{\"@type\":\"ListItem\",\"position\":1,\"name\":\"Home\",\"item\":\"https:\\\/\\\/oneworldcenter.org\\\/es\\\/\"},{\"@type\":\"ListItem\",\"position\":2,\"name\":\"Misi\u00f3n y valores\"}]},{\"@type\":\"WebSite\",\"@id\":\"https:\\\/\\\/oneworldcenter.org\\\/es\\\/#website\",\"url\":\"https:\\\/\\\/oneworldcenter.org\\\/es\\\/\",\"name\":\"One World Center\",\"description\":\"Helping Eliminate World Poverty &amp; Climate Change\",\"publisher\":{\"@id\":\"https:\\\/\\\/oneworldcenter.org\\\/es\\\/#organization\"},\"potentialAction\":[{\"@type\":\"SearchAction\",\"target\":{\"@type\":\"EntryPoint\",\"urlTemplate\":\"https:\\\/\\\/oneworldcenter.org\\\/es\\\/?s={search_term_string}\"},\"query-input\":{\"@type\":\"PropertyValueSpecification\",\"valueRequired\":true,\"valueName\":\"search_term_string\"}}],\"inLanguage\":\"es\"},{\"@type\":\"Organization\",\"@id\":\"https:\\\/\\\/oneworldcenter.org\\\/es\\\/#organization\",\"name\":\"One World Center\",\"url\":\"https:\\\/\\\/oneworldcenter.org\\\/es\\\/\",\"logo\":{\"@type\":\"ImageObject\",\"inLanguage\":\"es\",\"@id\":\"https:\\\/\\\/oneworldcenter.org\\\/es\\\/#\\\/schema\\\/logo\\\/image\\\/\",\"url\":\"https:\\\/\\\/0b426581f2.nxcli.io\\\/wp-content\\\/uploads\\\/2023\\\/02\\\/official-logo.png\",\"contentUrl\":\"https:\\\/\\\/0b426581f2.nxcli.io\\\/wp-content\\\/uploads\\\/2023\\\/02\\\/official-logo.png\",\"width\":500,\"height\":500,\"caption\":\"One World Center\"},\"image\":{\"@id\":\"https:\\\/\\\/oneworldcenter.org\\\/es\\\/#\\\/schema\\\/logo\\\/image\\\/\"},\"sameAs\":[\"https:\\\/\\\/www.facebook.com\\\/OneWorldCenterUSA\",\"https:\\\/\\\/www.instagram.com\\\/teamoneworld\\\/\"]}]}<\/script>\n<!-- \/ Yoast SEO Premium plugin. -->","yoast_head_json":{"title":"Misi\u00f3n y valores - One World Center","robots":{"index":"index","follow":"follow","max-snippet":"max-snippet:-1","max-image-preview":"max-image-preview:large","max-video-preview":"max-video-preview:-1"},"canonical":"https:\/\/oneworldcenter.org\/es\/mision-y-valores\/","og_locale":"es_ES","og_type":"article","og_title":"Misi\u00f3n y valores","og_description":"Misi\u00f3n y valores NUESTRA MISI\u00d3N - One World Center es una organizaci\u00f3n sin \u00e1nimo de lucro cuya misi\u00f3n es inspirar y capacitar a la gente corriente para que act\u00fae contra la pobreza y el cambio clim\u00e1tico en todo el mundo. Abordamos los problemas de nuestro tiempo con entornos de ense\u00f1anza y aprendizaje \u00fanicos que cultivan [&hellip;]","og_url":"https:\/\/oneworldcenter.org\/es\/mision-y-valores\/","og_site_name":"One World Center","article_publisher":"https:\/\/www.facebook.com\/OneWorldCenterUSA","article_modified_time":"2023-09-19T12:58:40+00:00","twitter_card":"summary_large_image","twitter_misc":{"Tiempo de lectura":"5 minutos"},"schema":{"@context":"https:\/\/schema.org","@graph":[{"@type":"WebPage","@id":"https:\/\/oneworldcenter.org\/es\/mision-y-valores\/","url":"https:\/\/oneworldcenter.org\/es\/mision-y-valores\/","name":"Misi\u00f3n y valores - One World Center","isPartOf":{"@id":"https:\/\/oneworldcenter.org\/es\/#website"},"datePublished":"2023-02-03T12:54:30+00:00","dateModified":"2023-09-19T12:58:40+00:00","breadcrumb":{"@id":"https:\/\/oneworldcenter.org\/es\/mision-y-valores\/#breadcrumb"},"inLanguage":"es","potentialAction":[{"@type":"ReadAction","target":["https:\/\/oneworldcenter.org\/es\/mision-y-valores\/"]}]},{"@type":"BreadcrumbList","@id":"https:\/\/oneworldcenter.org\/es\/mision-y-valores\/#breadcrumb","itemListElement":[{"@type":"ListItem","position":1,"name":"Home","item":"https:\/\/oneworldcenter.org\/es\/"},{"@type":"ListItem","position":2,"name":"Misi\u00f3n y valores"}]},{"@type":"WebSite","@id":"https:\/\/oneworldcenter.org\/es\/#website","url":"https:\/\/oneworldcenter.org\/es\/","name":"One World Center","description":"Helping Eliminate World Poverty &amp; Climate Change","publisher":{"@id":"https:\/\/oneworldcenter.org\/es\/#organization"},"potentialAction":[{"@type":"SearchAction","target":{"@type":"EntryPoint","urlTemplate":"https:\/\/oneworldcenter.org\/es\/?s={search_term_string}"},"query-input":{"@type":"PropertyValueSpecification","valueRequired":true,"valueName":"search_term_string"}}],"inLanguage":"es"},{"@type":"Organization","@id":"https:\/\/oneworldcenter.org\/es\/#organization","name":"One World Center","url":"https:\/\/oneworldcenter.org\/es\/","logo":{"@type":"ImageObject","inLanguage":"es","@id":"https:\/\/oneworldcenter.org\/es\/#\/schema\/logo\/image\/","url":"https:\/\/0b426581f2.nxcli.io\/wp-content\/uploads\/2023\/02\/official-logo.png","contentUrl":"https:\/\/0b426581f2.nxcli.io\/wp-content\/uploads\/2023\/02\/official-logo.png","width":500,"height":500,"caption":"One World Center"},"image":{"@id":"https:\/\/oneworldcenter.org\/es\/#\/schema\/logo\/image\/"},"sameAs":["https:\/\/www.facebook.com\/OneWorldCenterUSA","https:\/\/www.instagram.com\/teamoneworld\/"]}]}},"_links":{"self":[{"href":"https:\/\/oneworldcenter.org\/es\/wp-json\/wp\/v2\/pages\/121872","targetHints":{"allow":["GET"]}}],"collection":[{"href":"https:\/\/oneworldcenter.org\/es\/wp-json\/wp\/v2\/pages"}],"about":[{"href":"https:\/\/oneworldcenter.org\/es\/wp-json\/wp\/v2\/types\/page"}],"author":[{"embeddable":true,"href":"https:\/\/oneworldcenter.org\/es\/wp-json\/wp\/v2\/users\/1"}],"replies":[{"embeddable":true,"href":"https:\/\/oneworldcenter.org\/es\/wp-json\/wp\/v2\/comments?post=121872"}],"version-history":[{"count":2,"href":"https:\/\/oneworldcenter.org\/es\/wp-json\/wp\/v2\/pages\/121872\/revisions"}],"predecessor-version":[{"id":122796,"href":"https:\/\/oneworldcenter.org\/es\/wp-json\/wp\/v2\/pages\/121872\/revisions\/122796"}],"wp:attachment":[{"href":"https:\/\/oneworldcenter.org\/es\/wp-json\/wp\/v2\/media?parent=121872"}],"curies":[{"name":"wp","href":"https:\/\/api.w.org\/{rel}","templated":true}]}}