{"id":121803,"date":"2022-11-06T20:39:30","date_gmt":"2022-11-06T20:39:30","guid":{"rendered":"https:\/\/www.oneworldcenter.org\/portada\/"},"modified":"2023-03-24T20:55:32","modified_gmt":"2023-03-24T20:55:32","slug":"portada","status":"publish","type":"page","link":"https:\/\/oneworldcenter.org\/es\/","title":{"rendered":"Portada"},"content":{"rendered":"<p>[et_pb_section fb_built=\u00bb1&#8243; _builder_version=\u00bb4.18.1&#8243; _module_preset=\u00bbdefault\u00bb global_colors_info=\u00bb{}\u00bb][et_pb_row column_structure=\u00bb3_5,2_5&#8243; _builder_version=\u00bb4.18.1&#8243; _module_preset=\u00bbdefault\u00bb width_tablet=\u00bb\u00bb width_phone=\u00bb90%\u00bb width_last_edited=\u00bbon|phone\u00bb max_width=\u00bb1191px\u00bb global_colors_info=\u00bb{}\u00bb][et_pb_column type=\u00bb3_5&#8243; _builder_version=\u00bb4.18.1&#8243; _module_preset=\u00bbdefault\u00bb global_colors_info=\u00bb{}\u00bb][et_pb_text module_class=\u00bbline\u00bb _builder_version=\u00bb4.18.1&#8243; _module_preset=\u00bbdefault\u00bb header_2_font=\u00bb||||||||\u00bb header_2_text_align=\u00bbcenter\u00bb header_2_font_size=\u00bb30px\u00bb custom_margin=\u00bb||13px|||\u00bb global_colors_info=\u00bb{}\u00bb]<\/p>\n<h2>Impulsados por un sue\u00f1o<\/h2>\n<hr>\n<p>[\/et_pb_text][et_pb_text _builder_version=\u00bb4.18.1&#8243; _module_preset=\u00bbdefault\u00bb text_font_size=\u00bb18px\u00bb header_2_font=\u00bb|300|||||||\u00bb header_2_font_size=\u00bb24px\u00bb header_2_line_height=\u00bb1.4em\u00bb global_colors_info=\u00bb{}\u00bb]<\/p>\n<p>One World Center es un lugar donde personas con ideas afines se re\u00fanen y act\u00faan en pro de un futuro sostenible. Guiando el camino de la movilizaci\u00f3n impulsada por la comunidad, trabajamos para empoderar a los necesitados. Con tu ayuda, educaremos a otros sobre soluciones viables a sus dificultades econ\u00f3micas y sociales.<\/p>\n<p>Reconociendo las necesidades de nuestro tiempo, centramos nuestros esfuerzos en lograr cambios impactantes en el problema cada vez m\u00e1s grave del cambio clim\u00e1tico. A trav\u00e9s de la educaci\u00f3n y el debate sobre la actualidad, fomentamos el crecimiento personal y la comprensi\u00f3n de c\u00f3mo evaluar y dar pasos hacia un cambio duradero.<\/p>\n<p>Impulsados por el sue\u00f1o de ayudar al creciente n\u00famero de personas empobrecidas, nos acercamos a sus perspectivas y realidades, sabiendo que el primer paso hacia un cambio sostenible es trabajar junto con ellos. A trav\u00e9s de experiencias, aprendemos sobre pr\u00e1cticas de jardiner\u00eda sostenible, c\u00f3mo movilizarnos y movilizar a las comunidades con las que trabajamos, as\u00ed como la capacidad de ver las necesidades de muchos y tomar medidas pr\u00e1cticas para resolverlas.<\/p>\n<p>Juntos crearemos un futuro lleno de oportunidades de crecimiento, nuestro impacto sostenible ser\u00e1 conocido y asi, potenciaremos nuestra visi\u00f3n de la igualdad y nuestro prop\u00f3sito de liderar el camino hacia un futuro mejor para todos.  <\/p>\n<p>[\/et_pb_text][\/et_pb_column][et_pb_column type=\u00bb2_5&#8243; _builder_version=\u00bb4.18.1&#8243; _module_preset=\u00bbdefault\u00bb global_colors_info=\u00bb{}\u00bb][et_pb_image src=\u00bbhttps:\/\/oneworldcenter.org\/wp-content\/uploads\/2023\/02\/driven-by-a-dream-780&#215;1024.jpg\u00bb title_text=\u00bbdriven-by-a-dream\u00bb _builder_version=\u00bb4.18.1&#8243; _module_preset=\u00bbdefault\u00bb global_colors_info=\u00bb{}\u00bb][\/et_pb_image][\/et_pb_column][\/et_pb_row][\/et_pb_section][et_pb_section fb_built=\u00bb1&#8243; _builder_version=\u00bb4.18.1&#8243; _module_preset=\u00bbdefault\u00bb background_color=\u00bb#f1e8d5&#8243; custom_padding=\u00bb50px|||||\u00bb global_colors_info=\u00bb{}\u00bb][et_pb_row _builder_version=\u00bb4.18.1&#8243; _module_preset=\u00bbdefault\u00bb global_colors_info=\u00bb{}\u00bb][et_pb_column type=\u00bb4_4&#8243; _builder_version=\u00bb4.18.1&#8243; _module_preset=\u00bbdefault\u00bb global_colors_info=\u00bb{}\u00bb][et_pb_text module_class=\u00bbline\u00bb _builder_version=\u00bb4.18.1&#8243; _module_preset=\u00bbdefault\u00bb header_2_text_align=\u00bbcenter\u00bb header_2_font_size=\u00bb30px\u00bb global_colors_info=\u00bb{}\u00bb]<\/p>\n<h2>Nuestros programas de voluntariado<\/h2>\n<hr>\n<p>[\/et_pb_text][\/et_pb_column][\/et_pb_row][et_pb_row column_structure=\u00bb1_3,1_3,1_3&#8243; _builder_version=\u00bb4.18.1&#8243; _module_preset=\u00bbdefault\u00bb max_width=\u00bb1300px\u00bb global_colors_info=\u00bb{}\u00bb][et_pb_column type=\u00bb1_3&#8243; _builder_version=\u00bb4.18.1&#8243; _module_preset=\u00bbdefault\u00bb global_colors_info=\u00bb{}\u00bb][et_pb_blurb title=\u00bb6 meses en EE.UU.\u00bb url=\u00bb@ET-DC@eyJkeW5hbWljIjp0cnVlLCJjb250ZW50IjoicG9zdF9saW5rX3VybF9wYWdlIiwic2V0dGluZ3MiOnsicG9zdF9pZCI6IjExOTgyMSJ9fQ==@\u00bb image=\u00bbhttps:\/\/oneworldcenter.org\/wp-content\/uploads\/2022\/11\/sweet-potatoes-600&#215;400-1.jpg\u00bb module_class=\u00bbprograms\u00bb _builder_version=\u00bb4.18.1&#8243; _dynamic_attributes=\u00bburl\u00bb _module_preset=\u00bbdefault\u00bb header_text_align=\u00bbcenter\u00bb background_color=\u00bb#FFFFFF\u00bb global_colors_info=\u00bb{}\u00bb background__hover_enabled=\u00bbon|hover\u00bb background_color__hover=\u00bb#efefef\u00bb background_enable_color__hover=\u00bbon\u00bb]<\/p>\n<ul>\n<li>6 meses<\/li>\n<li>Programa de voluntariado comunitario<\/li>\n<li>EE.UU.<\/li>\n<li>Regreso en 2024<\/li>\n<\/ul>\n<p>[\/et_pb_blurb][\/et_pb_column][et_pb_column type=\u00bb1_3&#8243; _builder_version=\u00bb4.18.1&#8243; _module_preset=\u00bbdefault\u00bb global_colors_info=\u00bb{}\u00bb][et_pb_blurb title=\u00bb10 meses en el extranjero\u00bb url=\u00bb@ET-DC@eyJkeW5hbWljIjp0cnVlLCJjb250ZW50IjoicG9zdF9saW5rX3VybF9wYWdlIiwic2V0dGluZ3MiOnsicG9zdF9pZCI6IjEyMDkwMiJ9fQ==@\u00bb image=\u00bbhttps:\/\/oneworldcenter.org\/wp-content\/uploads\/2022\/11\/dancing-600&#215;400-1.jpg\u00bb module_class=\u00bbprograms\u00bb _builder_version=\u00bb4.18.1&#8243; _dynamic_attributes=\u00bburl\u00bb _module_preset=\u00bbdefault\u00bb header_text_align=\u00bbcenter\u00bb background_color=\u00bb#FFFFFF\u00bb global_colors_info=\u00bb{}\u00bb background_color__hover=\u00bb#efefef\u00bb background_enable_color__hover=\u00bbon\u00bb background__hover_enabled=\u00bbon|hover\u00bb]<\/p>\n<ul>\n<li>10 meses<\/li>\n<li>Programa de voluntariado en el extranjero<\/li>\n<li>Malawi, Mozambique, Zambia o Brasil<\/li>\n<li>Equipos a partir de abril y octubre<\/li>\n<\/ul>\n<p>[\/et_pb_blurb][\/et_pb_column][et_pb_column type=\u00bb1_3&#8243; _builder_version=\u00bb4.18.1&#8243; _module_preset=\u00bbdefault\u00bb global_colors_info=\u00bb{}\u00bb][et_pb_blurb title=\u00bb18 meses en el extranjero\u00bb url=\u00bb@ET-DC@eyJkeW5hbWljIjp0cnVlLCJjb250ZW50IjoicG9zdF9saW5rX3VybF9wYWdlIiwic2V0dGluZ3MiOnsicG9zdF9pZCI6IjEyMDk2MyJ9fQ==@\u00bb image=\u00bbhttps:\/\/oneworldcenter.org\/wp-content\/uploads\/2022\/11\/teaching-600-400.jpg\u00bb module_class=\u00bbprograms\u00bb _builder_version=\u00bb4.19.5&#8243; _dynamic_attributes=\u00bburl\u00bb _module_preset=\u00bbdefault\u00bb header_text_align=\u00bbcenter\u00bb background_color=\u00bb#FFFFFF\u00bb global_colors_info=\u00bb{}\u00bb background_color__hover=\u00bb#efefef\u00bb background_enable_color__hover=\u00bbon\u00bb background__hover_enabled=\u00bbon|hover\u00bb]<\/p>\n<ul>\n<li>18 meses<\/li>\n<li>Programa de Carrera Humanitaria<\/li>\n<li>Malawi, Mozambique, Zambia o Brasil<\/li>\n<li>Equipo a partir de octubre<\/li>\n<\/ul>\n<p>[\/et_pb_blurb][\/et_pb_column][\/et_pb_row][\/et_pb_section][et_pb_section fb_built=\u00bb1&#8243; admin_label=\u00bbV Experience\u00bb module_class=\u00bbfrontpage\u00bb _builder_version=\u00bb4.18.1&#8243; background_enable_color=\u00bboff\u00bb width=\u00bb100%\u00bb min_height=\u00bb471px\u00bb custom_margin=\u00bb0px|||||\u00bb custom_padding=\u00bb28px||0px|||\u00bb top_divider_style=\u00bbwave2&#8243; top_divider_color=\u00bbrgba(0,0,0,0)\u00bb global_colors_info=\u00bb{}\u00bb background__hover_enabled=\u00bbon|desktop\u00bb][et_pb_row column_structure=\u00bb1_2,1_2&#8243; _builder_version=\u00bb4.18.1&#8243; width_tablet=\u00bb\u00bb width_phone=\u00bb90%\u00bb width_last_edited=\u00bbon|phone\u00bb max_width=\u00bb1161px\u00bb custom_margin=\u00bb10px|auto|-4px|auto||\u00bb custom_padding=\u00bb0px||0px|||\u00bb custom_css_main_element=\u00bbdisplay: flex;||flex-wrap: wrap;\u00bb global_colors_info=\u00bb{}\u00bb max_width__hover_enabled=\u00bboff|desktop\u00bb][et_pb_column type=\u00bb1_2&#8243; _builder_version=\u00bb4.17.0&#8243; custom_padding=\u00bb|||\u00bb global_colors_info=\u00bb{}\u00bb custom_padding__hover=\u00bb|||\u00bb custom_css_main_element_last_edited=\u00bbon|phone\u00bb custom_css_main_element_phone=\u00bborder: 2;\u00bb][et_pb_text module_class=\u00bbline\u00bb _builder_version=\u00bb4.19.5&#8243; header_font_size=\u00bb22px\u00bb header_3_text_align=\u00bbcenter\u00bb header_3_font_size=\u00bb30px\u00bb custom_margin=\u00bb20px||0px||false|false\u00bb custom_padding=\u00bb5%||||false|false\u00bb header_3_text_align_tablet=\u00bbright\u00bb header_3_text_align_phone=\u00bbcenter\u00bb header_3_text_align_last_edited=\u00bbon|phone\u00bb global_colors_info=\u00bb{}\u00bb]<\/p>\n<h3>Las 5 palabras que mejor nos describen<\/h3>\n<hr>\n<p>[\/et_pb_text][et_pb_cta content_tablet=\u00bb\u00bb content_phone=\u00bb<\/p>\n<p style=%22text-align: center;%22>Adoptamos un enfoque pr\u00e1ctico de la ense\u00f1anza y el aprendizaje, en el que los participantes utilizan una mezcla de estudios personales, debates en grupo y experiencias de la vida real en su proceso de aprendizaje.<\/p>\n<p style=%22text-align: center;%22>Una vez al mes se reunir\u00e1 con su equipo para una semana de estudios y cursos intensivos, en los que se centrar\u00e1 en el titular del mes, por ejemplo %22El profesor y la escuela en el siglo<span style=%22font-size: 13.3333px;%22>XXI<\/span> %22 o %22Ecoalfabetizaci\u00f3n y administradores del ma\u00f1ana%22. Har\u00e1s presentaciones, exposiciones y utilizar\u00e1s distintos medios de comunicaci\u00f3n para evaluar y compartir lo que has aprendido.<\/p>\n<p style=%22text-align: center;%22>M\u00e1s informaci\u00f3n sobre los temas, mes a mes, aqu\u00ed.<\/p>\n<p>\u00bb content_last_edited=\u00bbon|phone\u00bb module_class=\u00bbfivewords\u00bb _builder_version=\u00bb4.18.1&#8243; header_level=\u00bbh3&#8243; header_text_color=\u00bb#000000&#8243; header_font_size=\u00bb21px\u00bb body_font=\u00bb||||||||\u00bb body_text_align=\u00bbjustify\u00bb body_text_color=\u00bb#262626&#8243; body_font_size=\u00bb18px\u00bb body_line_height=\u00bb1.9em\u00bb body_ul_font_size=\u00bb18px\u00bb body_ul_line_height=\u00bb1.4em\u00bb background_color=\u00bbrgba(255,170,0,0)\u00bb custom_button=\u00bbon\u00bb button_text_color=\u00bb#E02B20&#8243; button_bg_color=\u00bb#E09900&#8243; text_orientation=\u00bbright\u00bb background_layout=\u00bblight\u00bb custom_margin=\u00bb||-3px|||\u00bb custom_padding=\u00bb0px|2px|0px|6px||\u00bb body_text_align_tablet=\u00bb\u00bb body_text_align_phone=\u00bbleft\u00bb body_text_align_last_edited=\u00bbon|phone\u00bb text_orientation_tablet=\u00bbright\u00bb text_orientation_phone=\u00bbleft\u00bb text_orientation_last_edited=\u00bbon|phone\u00bb global_colors_info=\u00bb{}\u00bb]<\/p>\n<p style=\"text-align: center;\"><strong>Comunidad | Sostenibilidad | Crecimiento | Liderazgo | Empoderamiento<\/strong><\/p>\n<p>&nbsp;<\/p>\n<ul>\n<li>El <strong>COMPROMISO<\/strong> de One World Center es hacer de este planeta un lugar mejor, formando a personas con las herramientas y los conocimientos necesarios para apoyar y activar a las comunidades con el fin de eliminar la pobreza mundial y el cambio clim\u00e1tico.<\/li>\n<li>Nuestros proyectos son <strong>SOSTENIBLES<\/strong> porque apoyamos a los l\u00edderes y miembros de la comunidad para ayudarles a avanzar en la protecci\u00f3n y mejora de sus comunidades. Somos manos que ayudan, as\u00ed que cuando nos vayamos, los cambios seguir\u00e1n contando con los l\u00edderes locales para sostenerlos.<\/li>\n<li>Tu <strong>CRECIMIENTO<\/strong> personal para investigar los detalles, hacer el trabajo, movilizar a la comunidad y ver los resultados cambiar\u00e1 tu vida para mejor. Te desafiaremos porque sabemos que puedes hacerlo.<\/li>\n<li>El <strong>LIDERAZGO<\/strong> adopta muchas formas y usted desempe\u00f1ar\u00e1 varios de estos papeles en su viaje con nosotros.<\/li>\n<li>Al final, te sentir\u00e1s <strong>EMPODERADO<\/strong> para marcar la diferencia. Habr\u00e1s hecho el trabajo duro y sabr\u00e1s que cuando las personas con pasi\u00f3n deciden tomar partido y cambiar el mundo pueden hacerlo.<\/li>\n<\/ul>\n<p>[\/et_pb_cta][\/et_pb_column][et_pb_column type=\u00bb1_2&#8243; _builder_version=\u00bb4.17.0&#8243; custom_padding=\u00bb|||\u00bb global_colors_info=\u00bb{}\u00bb custom_padding__hover=\u00bb|||\u00bb custom_css_main_element_last_edited=\u00bbon|phone\u00bb custom_css_main_element_phone=\u00bborder: 1;\u00bb][et_pb_image src=\u00bbhttps:\/\/oneworldcenter.org\/wp-content\/uploads\/2023\/02\/5-Words-Best-Describe-768&#215;1024.jpg\u00bb title_text=\u00bb5-Palabras-Mejor-Descripci\u00f3n\u00bb align_tablet=\u00bbcenter\u00bb align_phone=\u00bb\u00bb align_last_edited=\u00bbon|desktop\u00bb disabled_on=\u00bboff|off|off\u00bb _builder_version=\u00bb4.18.1&#8243; width=\u00bb87%\u00bb custom_margin=\u00bb53px||53px||true|\u00bb custom_margin_tablet=\u00bb\u00bb custom_margin_phone=\u00bb0px||0px||true|false\u00bb custom_margin_last_edited=\u00bbon|phone\u00bb border_color_right=\u00bb#7a8b77&#8243; border_color_bottom=\u00bb#7a8b77&#8243; box_shadow_style=\u00bbpreset4&#8243; box_shadow_color=\u00bb#7a8b77&#8243; global_colors_info=\u00bb{}\u00bb][\/et_pb_image][\/et_pb_column][\/et_pb_row][\/et_pb_section][et_pb_section fb_built=\u00bb1&#8243; module_class=\u00bbfrontpage\u00bb _builder_version=\u00bb4.18.1&#8243; background_color=\u00bb#f1e8d5&#8243; width=\u00bb100%\u00bb custom_margin=\u00bb25px||||false|false\u00bb custom_padding=\u00bb1%||5%||false|false\u00bb top_divider_style=\u00bbwave2&#8243; top_divider_color=\u00bbrgba(0,0,0,0)\u00bb global_colors_info=\u00bb{}\u00bb background__hover_enabled=\u00bbon|desktop\u00bb][et_pb_row _builder_version=\u00bb4.18.1&#8243; _module_preset=\u00bbdefault\u00bb global_colors_info=\u00bb{}\u00bb][et_pb_column type=\u00bb4_4&#8243; _builder_version=\u00bb4.18.1&#8243; _module_preset=\u00bbdefault\u00bb global_colors_info=\u00bb{}\u00bb][et_pb_code _builder_version=\u00bb4.18.1&#8243; _module_preset=\u00bbdefault\u00bb text_orientation_tablet=\u00bb\u00bb text_orientation_phone=\u00bbcenter\u00bb text_orientation_last_edited=\u00bbon|phone\u00bb module_alignment_tablet=\u00bb\u00bb module_alignment_phone=\u00bb\u00bb module_alignment_last_edited=\u00bbon|phone\u00bb global_colors_info=\u00bb{}\u00bb][instagram-feed feed=\u00bb1&#8243;][\/et_pb_code][\/et_pb_column][\/et_pb_row][\/et_pb_section]<\/p>\n","protected":false},"excerpt":{"rendered":"<p>Impulsados por un sue\u00f1o One World Center es un lugar donde personas con ideas afines se re\u00fanen y act\u00faan en pro de un futuro sostenible. Guiando el camino de la movilizaci\u00f3n impulsada por la comunidad, trabajamos para empoderar a los necesitados. Con tu ayuda, educaremos a otros sobre soluciones viables a sus dificultades econ\u00f3micas y [&hellip;]<\/p>\n","protected":false},"author":1,"featured_media":121721,"parent":0,"menu_order":0,"comment_status":"closed","ping_status":"closed","template":"","meta":{"_et_pb_use_builder":"on","_et_pb_old_content":"","_et_gb_content_width":"","footnotes":""},"class_list":["post-121803","page","type-page","status-publish","has-post-thumbnail","hentry"],"yoast_head":"<!-- This site is optimized with the Yoast SEO Premium plugin v20.0 (Yoast SEO v27.4) - https:\/\/yoast.com\/product\/yoast-seo-premium-wordpress\/ -->\n<title>Portada - One World Center<\/title>\n<meta name=\"robots\" content=\"index, follow, max-snippet:-1, max-image-preview:large, max-video-preview:-1\" \/>\n<link rel=\"canonical\" href=\"https:\/\/oneworldcenter.org\/es\/\" \/>\n<meta property=\"og:locale\" content=\"es_ES\" \/>\n<meta property=\"og:type\" content=\"article\" \/>\n<meta property=\"og:title\" content=\"Portada\" \/>\n<meta property=\"og:description\" content=\"Impulsados por un sue\u00f1o One World Center es un lugar donde personas con ideas afines se re\u00fanen y act\u00faan en pro de un futuro sostenible. Guiando el camino de la movilizaci\u00f3n impulsada por la comunidad, trabajamos para empoderar a los necesitados. Con tu ayuda, educaremos a otros sobre soluciones viables a sus dificultades econ\u00f3micas y [&hellip;]\" \/>\n<meta property=\"og:url\" content=\"https:\/\/oneworldcenter.org\/es\/\" \/>\n<meta property=\"og:site_name\" content=\"One World Center\" \/>\n<meta property=\"article:publisher\" content=\"https:\/\/www.facebook.com\/OneWorldCenterUSA\" \/>\n<meta property=\"article:modified_time\" content=\"2023-03-24T20:55:32+00:00\" \/>\n<meta property=\"og:image\" content=\"https:\/\/oneworldcenter.org\/wp-content\/uploads\/2023\/02\/the-farmers.jpg\" \/>\n\t<meta property=\"og:image:width\" content=\"1200\" \/>\n\t<meta property=\"og:image:height\" content=\"1055\" \/>\n\t<meta property=\"og:image:type\" content=\"image\/jpeg\" \/>\n<meta name=\"twitter:card\" content=\"summary_large_image\" \/>\n<meta name=\"twitter:label1\" content=\"Tiempo de lectura\" \/>\n\t<meta name=\"twitter:data1\" content=\"8 minutos\" \/>\n<script type=\"application\/ld+json\" class=\"yoast-schema-graph\">{\"@context\":\"https:\\\/\\\/schema.org\",\"@graph\":[{\"@type\":\"WebPage\",\"@id\":\"https:\\\/\\\/oneworldcenter.org\\\/es\\\/\",\"url\":\"https:\\\/\\\/oneworldcenter.org\\\/es\\\/\",\"name\":\"Portada - One World Center\",\"isPartOf\":{\"@id\":\"https:\\\/\\\/oneworldcenter.org\\\/es\\\/#website\"},\"primaryImageOfPage\":{\"@id\":\"https:\\\/\\\/oneworldcenter.org\\\/es\\\/#primaryimage\"},\"image\":{\"@id\":\"https:\\\/\\\/oneworldcenter.org\\\/es\\\/#primaryimage\"},\"thumbnailUrl\":\"https:\\\/\\\/oneworldcenter.org\\\/wp-content\\\/uploads\\\/2023\\\/02\\\/the-farmers.jpg\",\"datePublished\":\"2022-11-06T20:39:30+00:00\",\"dateModified\":\"2023-03-24T20:55:32+00:00\",\"breadcrumb\":{\"@id\":\"https:\\\/\\\/oneworldcenter.org\\\/es\\\/#breadcrumb\"},\"inLanguage\":\"es\",\"potentialAction\":[{\"@type\":\"ReadAction\",\"target\":[\"https:\\\/\\\/oneworldcenter.org\\\/es\\\/\"]}]},{\"@type\":\"ImageObject\",\"inLanguage\":\"es\",\"@id\":\"https:\\\/\\\/oneworldcenter.org\\\/es\\\/#primaryimage\",\"url\":\"https:\\\/\\\/oneworldcenter.org\\\/wp-content\\\/uploads\\\/2023\\\/02\\\/the-farmers.jpg\",\"contentUrl\":\"https:\\\/\\\/oneworldcenter.org\\\/wp-content\\\/uploads\\\/2023\\\/02\\\/the-farmers.jpg\",\"width\":1200,\"height\":1055,\"caption\":\"The garden team!\"},{\"@type\":\"BreadcrumbList\",\"@id\":\"https:\\\/\\\/oneworldcenter.org\\\/es\\\/#breadcrumb\",\"itemListElement\":[{\"@type\":\"ListItem\",\"position\":1,\"name\":\"Home\",\"item\":\"https:\\\/\\\/oneworldcenter.org\\\/es\\\/\"},{\"@type\":\"ListItem\",\"position\":2,\"name\":\"Portada\"}]},{\"@type\":\"WebSite\",\"@id\":\"https:\\\/\\\/oneworldcenter.org\\\/es\\\/#website\",\"url\":\"https:\\\/\\\/oneworldcenter.org\\\/es\\\/\",\"name\":\"One World Center\",\"description\":\"Helping Eliminate World Poverty &amp; Climate Change\",\"publisher\":{\"@id\":\"https:\\\/\\\/oneworldcenter.org\\\/es\\\/#organization\"},\"potentialAction\":[{\"@type\":\"SearchAction\",\"target\":{\"@type\":\"EntryPoint\",\"urlTemplate\":\"https:\\\/\\\/oneworldcenter.org\\\/es\\\/?s={search_term_string}\"},\"query-input\":{\"@type\":\"PropertyValueSpecification\",\"valueRequired\":true,\"valueName\":\"search_term_string\"}}],\"inLanguage\":\"es\"},{\"@type\":\"Organization\",\"@id\":\"https:\\\/\\\/oneworldcenter.org\\\/es\\\/#organization\",\"name\":\"One World Center\",\"url\":\"https:\\\/\\\/oneworldcenter.org\\\/es\\\/\",\"logo\":{\"@type\":\"ImageObject\",\"inLanguage\":\"es\",\"@id\":\"https:\\\/\\\/oneworldcenter.org\\\/es\\\/#\\\/schema\\\/logo\\\/image\\\/\",\"url\":\"https:\\\/\\\/0b426581f2.nxcli.io\\\/wp-content\\\/uploads\\\/2023\\\/02\\\/official-logo.png\",\"contentUrl\":\"https:\\\/\\\/0b426581f2.nxcli.io\\\/wp-content\\\/uploads\\\/2023\\\/02\\\/official-logo.png\",\"width\":500,\"height\":500,\"caption\":\"One World Center\"},\"image\":{\"@id\":\"https:\\\/\\\/oneworldcenter.org\\\/es\\\/#\\\/schema\\\/logo\\\/image\\\/\"},\"sameAs\":[\"https:\\\/\\\/www.facebook.com\\\/OneWorldCenterUSA\",\"https:\\\/\\\/www.instagram.com\\\/teamoneworld\\\/\"]}]}<\/script>\n<!-- \/ Yoast SEO Premium plugin. -->","yoast_head_json":{"title":"Portada - One World Center","robots":{"index":"index","follow":"follow","max-snippet":"max-snippet:-1","max-image-preview":"max-image-preview:large","max-video-preview":"max-video-preview:-1"},"canonical":"https:\/\/oneworldcenter.org\/es\/","og_locale":"es_ES","og_type":"article","og_title":"Portada","og_description":"Impulsados por un sue\u00f1o One World Center es un lugar donde personas con ideas afines se re\u00fanen y act\u00faan en pro de un futuro sostenible. Guiando el camino de la movilizaci\u00f3n impulsada por la comunidad, trabajamos para empoderar a los necesitados. Con tu ayuda, educaremos a otros sobre soluciones viables a sus dificultades econ\u00f3micas y [&hellip;]","og_url":"https:\/\/oneworldcenter.org\/es\/","og_site_name":"One World Center","article_publisher":"https:\/\/www.facebook.com\/OneWorldCenterUSA","article_modified_time":"2023-03-24T20:55:32+00:00","og_image":[{"width":1200,"height":1055,"url":"https:\/\/oneworldcenter.org\/wp-content\/uploads\/2023\/02\/the-farmers.jpg","type":"image\/jpeg"}],"twitter_card":"summary_large_image","twitter_misc":{"Tiempo de lectura":"8 minutos"},"schema":{"@context":"https:\/\/schema.org","@graph":[{"@type":"WebPage","@id":"https:\/\/oneworldcenter.org\/es\/","url":"https:\/\/oneworldcenter.org\/es\/","name":"Portada - One World Center","isPartOf":{"@id":"https:\/\/oneworldcenter.org\/es\/#website"},"primaryImageOfPage":{"@id":"https:\/\/oneworldcenter.org\/es\/#primaryimage"},"image":{"@id":"https:\/\/oneworldcenter.org\/es\/#primaryimage"},"thumbnailUrl":"https:\/\/oneworldcenter.org\/wp-content\/uploads\/2023\/02\/the-farmers.jpg","datePublished":"2022-11-06T20:39:30+00:00","dateModified":"2023-03-24T20:55:32+00:00","breadcrumb":{"@id":"https:\/\/oneworldcenter.org\/es\/#breadcrumb"},"inLanguage":"es","potentialAction":[{"@type":"ReadAction","target":["https:\/\/oneworldcenter.org\/es\/"]}]},{"@type":"ImageObject","inLanguage":"es","@id":"https:\/\/oneworldcenter.org\/es\/#primaryimage","url":"https:\/\/oneworldcenter.org\/wp-content\/uploads\/2023\/02\/the-farmers.jpg","contentUrl":"https:\/\/oneworldcenter.org\/wp-content\/uploads\/2023\/02\/the-farmers.jpg","width":1200,"height":1055,"caption":"The garden team!"},{"@type":"BreadcrumbList","@id":"https:\/\/oneworldcenter.org\/es\/#breadcrumb","itemListElement":[{"@type":"ListItem","position":1,"name":"Home","item":"https:\/\/oneworldcenter.org\/es\/"},{"@type":"ListItem","position":2,"name":"Portada"}]},{"@type":"WebSite","@id":"https:\/\/oneworldcenter.org\/es\/#website","url":"https:\/\/oneworldcenter.org\/es\/","name":"One World Center","description":"Helping Eliminate World Poverty &amp; Climate Change","publisher":{"@id":"https:\/\/oneworldcenter.org\/es\/#organization"},"potentialAction":[{"@type":"SearchAction","target":{"@type":"EntryPoint","urlTemplate":"https:\/\/oneworldcenter.org\/es\/?s={search_term_string}"},"query-input":{"@type":"PropertyValueSpecification","valueRequired":true,"valueName":"search_term_string"}}],"inLanguage":"es"},{"@type":"Organization","@id":"https:\/\/oneworldcenter.org\/es\/#organization","name":"One World Center","url":"https:\/\/oneworldcenter.org\/es\/","logo":{"@type":"ImageObject","inLanguage":"es","@id":"https:\/\/oneworldcenter.org\/es\/#\/schema\/logo\/image\/","url":"https:\/\/0b426581f2.nxcli.io\/wp-content\/uploads\/2023\/02\/official-logo.png","contentUrl":"https:\/\/0b426581f2.nxcli.io\/wp-content\/uploads\/2023\/02\/official-logo.png","width":500,"height":500,"caption":"One World Center"},"image":{"@id":"https:\/\/oneworldcenter.org\/es\/#\/schema\/logo\/image\/"},"sameAs":["https:\/\/www.facebook.com\/OneWorldCenterUSA","https:\/\/www.instagram.com\/teamoneworld\/"]}]}},"_links":{"self":[{"href":"https:\/\/oneworldcenter.org\/es\/wp-json\/wp\/v2\/pages\/121803","targetHints":{"allow":["GET"]}}],"collection":[{"href":"https:\/\/oneworldcenter.org\/es\/wp-json\/wp\/v2\/pages"}],"about":[{"href":"https:\/\/oneworldcenter.org\/es\/wp-json\/wp\/v2\/types\/page"}],"author":[{"embeddable":true,"href":"https:\/\/oneworldcenter.org\/es\/wp-json\/wp\/v2\/users\/1"}],"replies":[{"embeddable":true,"href":"https:\/\/oneworldcenter.org\/es\/wp-json\/wp\/v2\/comments?post=121803"}],"version-history":[{"count":0,"href":"https:\/\/oneworldcenter.org\/es\/wp-json\/wp\/v2\/pages\/121803\/revisions"}],"wp:featuredmedia":[{"embeddable":true,"href":"https:\/\/oneworldcenter.org\/es\/wp-json\/wp\/v2\/media\/121721"}],"wp:attachment":[{"href":"https:\/\/oneworldcenter.org\/es\/wp-json\/wp\/v2\/media?parent=121803"}],"curies":[{"name":"wp","href":"https:\/\/api.w.org\/{rel}","templated":true}]}}